{"id":1757,"date":"2020-07-08T08:15:55","date_gmt":"2020-07-08T08:15:55","guid":{"rendered":"https:\/\/merikoivula.fi\/?page_id=1757"},"modified":"2026-04-11T08:58:47","modified_gmt":"2026-04-11T05:58:47","slug":"suvila-soomes","status":"publish","type":"page","link":"https:\/\/merikoivula.fi\/et\/suvila-soomes\/","title":{"rendered":"M\u00f6kki Holm"},"content":{"rendered":"","protected":false},"excerpt":{"rendered":"","protected":false},"author":11,"featured_media":0,"parent":0,"menu_order":0,"comment_status":"closed","ping_status":"closed","template":"","meta":{"_acf_changed":false,"_exactmetrics_skip_tracking":false,"_exactmetrics_sitenote_active":false,"_exactmetrics_sitenote_note":"","_exactmetrics_sitenote_category":0,"footnotes":""},"class_list":["post-1757","page","type-page","status-publish","hentry"],"acf":[],"yoast_head":"<!-- This site is optimized with the Yoast SEO plugin v27.3 - https:\/\/yoast.com\/product\/yoast-seo-wordpress\/ -->\n<title>Suvila Soomes 60m merest puusauna ja WCga: Merikoivula<\/title>\n<meta name=\"description\" content=\"Suvila Soomes Turu saarestikus mere \u00e4\u00e4res ujumissilla l\u00e4hedal kuni 6le inimesele: K\u00f6\u00f6ginurk, puusaun, WC, du\u0161\u0161 TV, WiFi: Broneeri otse!\" \/>\n<meta name=\"robots\" content=\"index, follow, max-snippet:-1, max-image-preview:large, max-video-preview:-1\" \/>\n<link rel=\"canonical\" href=\"https:\/\/merikoivula.fi\/et\/suvila-soomes\/\" \/>\n<meta property=\"og:locale\" content=\"et_EE\" \/>\n<meta property=\"og:type\" content=\"article\" \/>\n<meta property=\"og:title\" content=\"Puusaunaga suvila Soomes 60m merest\" \/>\n<meta property=\"og:description\" content=\"Kuni 6-le inimesele, WC, du\u0161\u0161 ja pesumasin.\" \/>\n<meta property=\"og:url\" content=\"https:\/\/merikoivula.fi\/et\/suvila-soomes\/\" \/>\n<meta property=\"og:site_name\" content=\"Merikoivula\" \/>\n<meta property=\"article:publisher\" content=\"https:\/\/www.facebook.com\/kalastuskeskus\" \/>\n<meta property=\"article:modified_time\" content=\"2026-04-11T05:58:47+00:00\" \/>\n<meta property=\"og:image\" content=\"https:\/\/merikoivula.fi\/wp-content\/uploads\/2023\/04\/Cottage-Holm2_Merikoivula-25-scaled.jpg\" \/>\n\t<meta property=\"og:image:width\" content=\"2560\" \/>\n\t<meta property=\"og:image:height\" content=\"1707\" \/>\n\t<meta property=\"og:image:type\" content=\"image\/jpeg\" \/>\n<meta name=\"twitter:card\" content=\"summary_large_image\" \/>\n<meta name=\"twitter:label1\" content=\"Est. reading time\" \/>\n\t<meta name=\"twitter:data1\" content=\"6 minutit\" \/>\n<script type=\"application\/ld+json\" class=\"yoast-schema-graph\">{\"@context\":\"https:\\\/\\\/schema.org\",\"@graph\":[{\"@type\":\"WebPage\",\"@id\":\"https:\\\/\\\/merikoivula.fi\\\/et\\\/suvila-soomes\\\/\",\"url\":\"https:\\\/\\\/merikoivula.fi\\\/et\\\/suvila-soomes\\\/\",\"name\":\"Suvila Soomes 60m merest puusauna ja WCga: Merikoivula\",\"isPartOf\":{\"@id\":\"https:\\\/\\\/merikoivula.fi\\\/#website\"},\"datePublished\":\"2020-07-08T08:15:55+00:00\",\"dateModified\":\"2026-04-11T05:58:47+00:00\",\"description\":\"Suvila Soomes Turu saarestikus mere \u00e4\u00e4res ujumissilla l\u00e4hedal kuni 6le inimesele: K\u00f6\u00f6ginurk, puusaun, WC, du\u0161\u0161 TV, WiFi: Broneeri otse!\",\"breadcrumb\":{\"@id\":\"https:\\\/\\\/merikoivula.fi\\\/et\\\/suvila-soomes\\\/#breadcrumb\"},\"inLanguage\":\"et\",\"potentialAction\":[{\"@type\":\"ReadAction\",\"target\":[\"https:\\\/\\\/merikoivula.fi\\\/et\\\/suvila-soomes\\\/\"]}]},{\"@type\":\"BreadcrumbList\",\"@id\":\"https:\\\/\\\/merikoivula.fi\\\/et\\\/suvila-soomes\\\/#breadcrumb\",\"itemListElement\":[{\"@type\":\"ListItem\",\"position\":1,\"name\":\"Home\",\"item\":\"https:\\\/\\\/merikoivula.fi\\\/et\\\/\"},{\"@type\":\"ListItem\",\"position\":2,\"name\":\"M\u00f6kki Holm\"}]},{\"@type\":\"WebSite\",\"@id\":\"https:\\\/\\\/merikoivula.fi\\\/#website\",\"url\":\"https:\\\/\\\/merikoivula.fi\\\/\",\"name\":\"Merikoivula\",\"description\":\"Kalastus- ja lomakyl\u00e4\",\"publisher\":{\"@id\":\"https:\\\/\\\/merikoivula.fi\\\/#organization\"},\"potentialAction\":[{\"@type\":\"SearchAction\",\"target\":{\"@type\":\"EntryPoint\",\"urlTemplate\":\"https:\\\/\\\/merikoivula.fi\\\/?s={search_term_string}\"},\"query-input\":{\"@type\":\"PropertyValueSpecification\",\"valueRequired\":true,\"valueName\":\"search_term_string\"}}],\"inLanguage\":\"et\"},{\"@type\":\"Organization\",\"@id\":\"https:\\\/\\\/merikoivula.fi\\\/#organization\",\"name\":\"Kalastus- ja lomakyl\u00e4 Merikoivula\",\"url\":\"https:\\\/\\\/merikoivula.fi\\\/\",\"logo\":{\"@type\":\"ImageObject\",\"inLanguage\":\"et\",\"@id\":\"https:\\\/\\\/merikoivula.fi\\\/#\\\/schema\\\/logo\\\/image\\\/\",\"url\":\"https:\\\/\\\/merikoivula.fi\\\/wp-content\\\/uploads\\\/2021\\\/08\\\/Logo2.png\",\"contentUrl\":\"https:\\\/\\\/merikoivula.fi\\\/wp-content\\\/uploads\\\/2021\\\/08\\\/Logo2.png\",\"width\":1418,\"height\":627,\"caption\":\"Kalastus- ja lomakyl\u00e4 Merikoivula\"},\"image\":{\"@id\":\"https:\\\/\\\/merikoivula.fi\\\/#\\\/schema\\\/logo\\\/image\\\/\"},\"sameAs\":[\"https:\\\/\\\/www.facebook.com\\\/kalastuskeskus\",\"https:\\\/\\\/www.instagram.com\\\/merikoivulalomakyla\\\/\"]}]}<\/script>\n<!-- \/ Yoast SEO plugin. -->","yoast_head_json":{"title":"Suvila Soomes 60m merest puusauna ja WCga: Merikoivula","description":"Suvila Soomes Turu saarestikus mere \u00e4\u00e4res ujumissilla l\u00e4hedal kuni 6le inimesele: K\u00f6\u00f6ginurk, puusaun, WC, du\u0161\u0161 TV, WiFi: Broneeri otse!","robots":{"index":"index","follow":"follow","max-snippet":"max-snippet:-1","max-image-preview":"max-image-preview:large","max-video-preview":"max-video-preview:-1"},"canonical":"https:\/\/merikoivula.fi\/et\/suvila-soomes\/","og_locale":"et_EE","og_type":"article","og_title":"Puusaunaga suvila Soomes 60m merest","og_description":"Kuni 6-le inimesele, WC, du\u0161\u0161 ja pesumasin.","og_url":"https:\/\/merikoivula.fi\/et\/suvila-soomes\/","og_site_name":"Merikoivula","article_publisher":"https:\/\/www.facebook.com\/kalastuskeskus","article_modified_time":"2026-04-11T05:58:47+00:00","og_image":[{"width":2560,"height":1707,"url":"https:\/\/merikoivula.fi\/wp-content\/uploads\/2023\/04\/Cottage-Holm2_Merikoivula-25-scaled.jpg","type":"image\/jpeg"}],"twitter_card":"summary_large_image","twitter_misc":{"Est. reading time":"6 minutit"},"schema":{"@context":"https:\/\/schema.org","@graph":[{"@type":"WebPage","@id":"https:\/\/merikoivula.fi\/et\/suvila-soomes\/","url":"https:\/\/merikoivula.fi\/et\/suvila-soomes\/","name":"Suvila Soomes 60m merest puusauna ja WCga: Merikoivula","isPartOf":{"@id":"https:\/\/merikoivula.fi\/#website"},"datePublished":"2020-07-08T08:15:55+00:00","dateModified":"2026-04-11T05:58:47+00:00","description":"Suvila Soomes Turu saarestikus mere \u00e4\u00e4res ujumissilla l\u00e4hedal kuni 6le inimesele: K\u00f6\u00f6ginurk, puusaun, WC, du\u0161\u0161 TV, WiFi: Broneeri otse!","breadcrumb":{"@id":"https:\/\/merikoivula.fi\/et\/suvila-soomes\/#breadcrumb"},"inLanguage":"et","potentialAction":[{"@type":"ReadAction","target":["https:\/\/merikoivula.fi\/et\/suvila-soomes\/"]}]},{"@type":"BreadcrumbList","@id":"https:\/\/merikoivula.fi\/et\/suvila-soomes\/#breadcrumb","itemListElement":[{"@type":"ListItem","position":1,"name":"Home","item":"https:\/\/merikoivula.fi\/et\/"},{"@type":"ListItem","position":2,"name":"M\u00f6kki Holm"}]},{"@type":"WebSite","@id":"https:\/\/merikoivula.fi\/#website","url":"https:\/\/merikoivula.fi\/","name":"Merikoivula","description":"Kalastus- ja lomakyl\u00e4","publisher":{"@id":"https:\/\/merikoivula.fi\/#organization"},"potentialAction":[{"@type":"SearchAction","target":{"@type":"EntryPoint","urlTemplate":"https:\/\/merikoivula.fi\/?s={search_term_string}"},"query-input":{"@type":"PropertyValueSpecification","valueRequired":true,"valueName":"search_term_string"}}],"inLanguage":"et"},{"@type":"Organization","@id":"https:\/\/merikoivula.fi\/#organization","name":"Kalastus- ja lomakyl\u00e4 Merikoivula","url":"https:\/\/merikoivula.fi\/","logo":{"@type":"ImageObject","inLanguage":"et","@id":"https:\/\/merikoivula.fi\/#\/schema\/logo\/image\/","url":"https:\/\/merikoivula.fi\/wp-content\/uploads\/2021\/08\/Logo2.png","contentUrl":"https:\/\/merikoivula.fi\/wp-content\/uploads\/2021\/08\/Logo2.png","width":1418,"height":627,"caption":"Kalastus- ja lomakyl\u00e4 Merikoivula"},"image":{"@id":"https:\/\/merikoivula.fi\/#\/schema\/logo\/image\/"},"sameAs":["https:\/\/www.facebook.com\/kalastuskeskus","https:\/\/www.instagram.com\/merikoivulalomakyla\/"]}]}},"_links":{"self":[{"href":"https:\/\/merikoivula.fi\/et\/wp-json\/wp\/v2\/pages\/1757","targetHints":{"allow":["GET"]}}],"collection":[{"href":"https:\/\/merikoivula.fi\/et\/wp-json\/wp\/v2\/pages"}],"about":[{"href":"https:\/\/merikoivula.fi\/et\/wp-json\/wp\/v2\/types\/page"}],"author":[{"embeddable":true,"href":"https:\/\/merikoivula.fi\/et\/wp-json\/wp\/v2\/users\/11"}],"replies":[{"embeddable":true,"href":"https:\/\/merikoivula.fi\/et\/wp-json\/wp\/v2\/comments?post=1757"}],"version-history":[{"count":83,"href":"https:\/\/merikoivula.fi\/et\/wp-json\/wp\/v2\/pages\/1757\/revisions"}],"predecessor-version":[{"id":9364,"href":"https:\/\/merikoivula.fi\/et\/wp-json\/wp\/v2\/pages\/1757\/revisions\/9364"}],"wp:attachment":[{"href":"https:\/\/merikoivula.fi\/et\/wp-json\/wp\/v2\/media?parent=1757"}],"curies":[{"name":"wp","href":"https:\/\/api.w.org\/{rel}","templated":true}]}}