{"id":1763,"date":"2020-07-08T08:26:52","date_gmt":"2020-07-08T08:26:52","guid":{"rendered":"https:\/\/merikoivula.fi\/?page_id=1763"},"modified":"2026-03-30T08:05:13","modified_gmt":"2026-03-30T05:05:13","slug":"mokki-soomes","status":"publish","type":"page","link":"https:\/\/merikoivula.fi\/et\/mokki-soomes\/","title":{"rendered":"M\u00f6kki"},"content":{"rendered":"","protected":false},"excerpt":{"rendered":"","protected":false},"author":11,"featured_media":0,"parent":0,"menu_order":0,"comment_status":"closed","ping_status":"closed","template":"","meta":{"_acf_changed":false,"_exactmetrics_skip_tracking":false,"_exactmetrics_sitenote_active":false,"_exactmetrics_sitenote_note":"","_exactmetrics_sitenote_category":0,"footnotes":""},"class_list":["post-1763","page","type-page","status-publish","hentry"],"acf":[],"yoast_head":"<!-- This site is optimized with the Yoast SEO plugin v27.3 - https:\/\/yoast.com\/product\/yoast-seo-wordpress\/ -->\n<title>M\u00f6kki Soomes saarestikus: Broneeri veebis!: Merikoivula<\/title>\n<meta name=\"description\" content=\"M\u00f6kki Soomes mere kaldal: Soodsad rendim\u00f6kid 2 t\u00e4iskavanule ja 2 lapsele: K\u00f6\u00f6ginurk, katusega terrass, grill, linad, r\u00e4itikud ja koristus.\" \/>\n<meta name=\"robots\" content=\"index, follow, max-snippet:-1, max-image-preview:large, max-video-preview:-1\" \/>\n<link rel=\"canonical\" href=\"https:\/\/merikoivula.fi\/et\/mokki-soomes\/\" \/>\n<meta property=\"og:locale\" content=\"et_EE\" \/>\n<meta property=\"og:type\" content=\"article\" \/>\n<meta property=\"og:title\" content=\"M\u00f6kki Soomes saarestikus: Broneeri veebis!: Merikoivula\" \/>\n<meta property=\"og:description\" content=\"M\u00f6kki Soomes mere kaldal: Soodsad rendim\u00f6kid 2 t\u00e4iskavanule ja 2 lapsele: K\u00f6\u00f6ginurk, katusega terrass, grill, linad, r\u00e4itikud ja koristus.\" \/>\n<meta property=\"og:url\" content=\"https:\/\/merikoivula.fi\/et\/mokki-soomes\/\" \/>\n<meta property=\"og:site_name\" content=\"Merikoivula\" \/>\n<meta property=\"article:publisher\" content=\"https:\/\/www.facebook.com\/kalastuskeskus\" \/>\n<meta property=\"article:modified_time\" content=\"2026-03-30T05:05:13+00:00\" \/>\n<meta property=\"og:image\" content=\"https:\/\/merikoivula.fi\/wp-content\/uploads\/2022\/03\/Merikoivula-Tanel-Murd-264.jpg\" \/>\n\t<meta property=\"og:image:width\" content=\"2508\" \/>\n\t<meta property=\"og:image:height\" content=\"1672\" \/>\n\t<meta property=\"og:image:type\" content=\"image\/jpeg\" \/>\n<meta name=\"twitter:card\" content=\"summary_large_image\" \/>\n<meta name=\"twitter:label1\" content=\"Est. reading time\" \/>\n\t<meta name=\"twitter:data1\" content=\"6 minutit\" \/>\n<script type=\"application\/ld+json\" class=\"yoast-schema-graph\">{\"@context\":\"https:\\\/\\\/schema.org\",\"@graph\":[{\"@type\":\"WebPage\",\"@id\":\"https:\\\/\\\/merikoivula.fi\\\/et\\\/mokki-soomes\\\/\",\"url\":\"https:\\\/\\\/merikoivula.fi\\\/et\\\/mokki-soomes\\\/\",\"name\":\"M\u00f6kki Soomes saarestikus: Broneeri veebis!: Merikoivula\",\"isPartOf\":{\"@id\":\"https:\\\/\\\/merikoivula.fi\\\/#website\"},\"datePublished\":\"2020-07-08T08:26:52+00:00\",\"dateModified\":\"2026-03-30T05:05:13+00:00\",\"description\":\"M\u00f6kki Soomes mere kaldal: Soodsad rendim\u00f6kid 2 t\u00e4iskavanule ja 2 lapsele: K\u00f6\u00f6ginurk, katusega terrass, grill, linad, r\u00e4itikud ja koristus.\",\"breadcrumb\":{\"@id\":\"https:\\\/\\\/merikoivula.fi\\\/et\\\/mokki-soomes\\\/#breadcrumb\"},\"inLanguage\":\"et\",\"potentialAction\":[{\"@type\":\"ReadAction\",\"target\":[\"https:\\\/\\\/merikoivula.fi\\\/et\\\/mokki-soomes\\\/\"]}]},{\"@type\":\"BreadcrumbList\",\"@id\":\"https:\\\/\\\/merikoivula.fi\\\/et\\\/mokki-soomes\\\/#breadcrumb\",\"itemListElement\":[{\"@type\":\"ListItem\",\"position\":1,\"name\":\"Home\",\"item\":\"https:\\\/\\\/merikoivula.fi\\\/et\\\/\"},{\"@type\":\"ListItem\",\"position\":2,\"name\":\"M\u00f6kki\"}]},{\"@type\":\"WebSite\",\"@id\":\"https:\\\/\\\/merikoivula.fi\\\/#website\",\"url\":\"https:\\\/\\\/merikoivula.fi\\\/\",\"name\":\"Merikoivula\",\"description\":\"Kalastus- ja lomakyl\u00e4\",\"publisher\":{\"@id\":\"https:\\\/\\\/merikoivula.fi\\\/#organization\"},\"potentialAction\":[{\"@type\":\"SearchAction\",\"target\":{\"@type\":\"EntryPoint\",\"urlTemplate\":\"https:\\\/\\\/merikoivula.fi\\\/?s={search_term_string}\"},\"query-input\":{\"@type\":\"PropertyValueSpecification\",\"valueRequired\":true,\"valueName\":\"search_term_string\"}}],\"inLanguage\":\"et\"},{\"@type\":\"Organization\",\"@id\":\"https:\\\/\\\/merikoivula.fi\\\/#organization\",\"name\":\"Kalastus- ja lomakyl\u00e4 Merikoivula\",\"url\":\"https:\\\/\\\/merikoivula.fi\\\/\",\"logo\":{\"@type\":\"ImageObject\",\"inLanguage\":\"et\",\"@id\":\"https:\\\/\\\/merikoivula.fi\\\/#\\\/schema\\\/logo\\\/image\\\/\",\"url\":\"https:\\\/\\\/merikoivula.fi\\\/wp-content\\\/uploads\\\/2021\\\/08\\\/Logo2.png\",\"contentUrl\":\"https:\\\/\\\/merikoivula.fi\\\/wp-content\\\/uploads\\\/2021\\\/08\\\/Logo2.png\",\"width\":1418,\"height\":627,\"caption\":\"Kalastus- ja lomakyl\u00e4 Merikoivula\"},\"image\":{\"@id\":\"https:\\\/\\\/merikoivula.fi\\\/#\\\/schema\\\/logo\\\/image\\\/\"},\"sameAs\":[\"https:\\\/\\\/www.facebook.com\\\/kalastuskeskus\",\"https:\\\/\\\/www.instagram.com\\\/merikoivulalomakyla\\\/\"]}]}<\/script>\n<!-- \/ Yoast SEO plugin. -->","yoast_head_json":{"title":"M\u00f6kki Soomes saarestikus: Broneeri veebis!: Merikoivula","description":"M\u00f6kki Soomes mere kaldal: Soodsad rendim\u00f6kid 2 t\u00e4iskavanule ja 2 lapsele: K\u00f6\u00f6ginurk, katusega terrass, grill, linad, r\u00e4itikud ja koristus.","robots":{"index":"index","follow":"follow","max-snippet":"max-snippet:-1","max-image-preview":"max-image-preview:large","max-video-preview":"max-video-preview:-1"},"canonical":"https:\/\/merikoivula.fi\/et\/mokki-soomes\/","og_locale":"et_EE","og_type":"article","og_title":"M\u00f6kki Soomes saarestikus: Broneeri veebis!: Merikoivula","og_description":"M\u00f6kki Soomes mere kaldal: Soodsad rendim\u00f6kid 2 t\u00e4iskavanule ja 2 lapsele: K\u00f6\u00f6ginurk, katusega terrass, grill, linad, r\u00e4itikud ja koristus.","og_url":"https:\/\/merikoivula.fi\/et\/mokki-soomes\/","og_site_name":"Merikoivula","article_publisher":"https:\/\/www.facebook.com\/kalastuskeskus","article_modified_time":"2026-03-30T05:05:13+00:00","og_image":[{"width":2508,"height":1672,"url":"https:\/\/merikoivula.fi\/wp-content\/uploads\/2022\/03\/Merikoivula-Tanel-Murd-264.jpg","type":"image\/jpeg"}],"twitter_card":"summary_large_image","twitter_misc":{"Est. reading time":"6 minutit"},"schema":{"@context":"https:\/\/schema.org","@graph":[{"@type":"WebPage","@id":"https:\/\/merikoivula.fi\/et\/mokki-soomes\/","url":"https:\/\/merikoivula.fi\/et\/mokki-soomes\/","name":"M\u00f6kki Soomes saarestikus: Broneeri veebis!: Merikoivula","isPartOf":{"@id":"https:\/\/merikoivula.fi\/#website"},"datePublished":"2020-07-08T08:26:52+00:00","dateModified":"2026-03-30T05:05:13+00:00","description":"M\u00f6kki Soomes mere kaldal: Soodsad rendim\u00f6kid 2 t\u00e4iskavanule ja 2 lapsele: K\u00f6\u00f6ginurk, katusega terrass, grill, linad, r\u00e4itikud ja koristus.","breadcrumb":{"@id":"https:\/\/merikoivula.fi\/et\/mokki-soomes\/#breadcrumb"},"inLanguage":"et","potentialAction":[{"@type":"ReadAction","target":["https:\/\/merikoivula.fi\/et\/mokki-soomes\/"]}]},{"@type":"BreadcrumbList","@id":"https:\/\/merikoivula.fi\/et\/mokki-soomes\/#breadcrumb","itemListElement":[{"@type":"ListItem","position":1,"name":"Home","item":"https:\/\/merikoivula.fi\/et\/"},{"@type":"ListItem","position":2,"name":"M\u00f6kki"}]},{"@type":"WebSite","@id":"https:\/\/merikoivula.fi\/#website","url":"https:\/\/merikoivula.fi\/","name":"Merikoivula","description":"Kalastus- ja lomakyl\u00e4","publisher":{"@id":"https:\/\/merikoivula.fi\/#organization"},"potentialAction":[{"@type":"SearchAction","target":{"@type":"EntryPoint","urlTemplate":"https:\/\/merikoivula.fi\/?s={search_term_string}"},"query-input":{"@type":"PropertyValueSpecification","valueRequired":true,"valueName":"search_term_string"}}],"inLanguage":"et"},{"@type":"Organization","@id":"https:\/\/merikoivula.fi\/#organization","name":"Kalastus- ja lomakyl\u00e4 Merikoivula","url":"https:\/\/merikoivula.fi\/","logo":{"@type":"ImageObject","inLanguage":"et","@id":"https:\/\/merikoivula.fi\/#\/schema\/logo\/image\/","url":"https:\/\/merikoivula.fi\/wp-content\/uploads\/2021\/08\/Logo2.png","contentUrl":"https:\/\/merikoivula.fi\/wp-content\/uploads\/2021\/08\/Logo2.png","width":1418,"height":627,"caption":"Kalastus- ja lomakyl\u00e4 Merikoivula"},"image":{"@id":"https:\/\/merikoivula.fi\/#\/schema\/logo\/image\/"},"sameAs":["https:\/\/www.facebook.com\/kalastuskeskus","https:\/\/www.instagram.com\/merikoivulalomakyla\/"]}]}},"_links":{"self":[{"href":"https:\/\/merikoivula.fi\/et\/wp-json\/wp\/v2\/pages\/1763","targetHints":{"allow":["GET"]}}],"collection":[{"href":"https:\/\/merikoivula.fi\/et\/wp-json\/wp\/v2\/pages"}],"about":[{"href":"https:\/\/merikoivula.fi\/et\/wp-json\/wp\/v2\/types\/page"}],"author":[{"embeddable":true,"href":"https:\/\/merikoivula.fi\/et\/wp-json\/wp\/v2\/users\/11"}],"replies":[{"embeddable":true,"href":"https:\/\/merikoivula.fi\/et\/wp-json\/wp\/v2\/comments?post=1763"}],"version-history":[{"count":53,"href":"https:\/\/merikoivula.fi\/et\/wp-json\/wp\/v2\/pages\/1763\/revisions"}],"predecessor-version":[{"id":9319,"href":"https:\/\/merikoivula.fi\/et\/wp-json\/wp\/v2\/pages\/1763\/revisions\/9319"}],"wp:attachment":[{"href":"https:\/\/merikoivula.fi\/et\/wp-json\/wp\/v2\/media?parent=1763"}],"curies":[{"name":"wp","href":"https:\/\/api.w.org\/{rel}","templated":true}]}}