{"id":4829,"date":"2021-10-06T15:09:48","date_gmt":"2021-10-06T12:09:48","guid":{"rendered":"https:\/\/merikoivula.fi\/?page_id=4829"},"modified":"2025-06-17T15:55:41","modified_gmt":"2025-06-17T12:55:41","slug":"merikoivula-kuldsed-haugikotletid","status":"publish","type":"page","link":"https:\/\/merikoivula.fi\/et\/merikoivula-kuldsed-haugikotletid\/","title":{"rendered":"Merikoivula kuldsed haugikotletid"},"content":{"rendered":"","protected":false},"excerpt":{"rendered":"","protected":false},"author":17,"featured_media":0,"parent":0,"menu_order":0,"comment_status":"closed","ping_status":"closed","template":"","meta":{"_acf_changed":false,"_exactmetrics_skip_tracking":false,"_exactmetrics_sitenote_active":false,"_exactmetrics_sitenote_note":"","_exactmetrics_sitenote_category":0,"footnotes":""},"class_list":["post-4829","page","type-page","status-publish","hentry"],"acf":[],"yoast_head":"<!-- This site is optimized with the Yoast SEO plugin v27.3 - https:\/\/yoast.com\/product\/yoast-seo-wordpress\/ -->\n<title>Haugikotletid on h\u00f5rk roog, proovi j\u00e4rele!<\/title>\n<meta name=\"description\" content=\"Merikoivula kuldsed haugikotletid viivad keele alla: Vaata l\u00e4hemalt millised h\u00f5rgutised valmistas Toosikannu peakokk Sander Lehtoja\" \/>\n<meta name=\"robots\" content=\"index, follow, max-snippet:-1, max-image-preview:large, max-video-preview:-1\" \/>\n<link rel=\"canonical\" href=\"https:\/\/merikoivula.fi\/et\/merikoivula-kuldsed-haugikotletid\/\" \/>\n<meta property=\"og:locale\" content=\"et_EE\" \/>\n<meta property=\"og:type\" content=\"article\" \/>\n<meta property=\"og:title\" content=\"Haugikotletid on h\u00f5rk roog, proovi j\u00e4rele!\" \/>\n<meta property=\"og:description\" content=\"Merikoivula kuldsed haugikotletid viivad keele alla: Vaata l\u00e4hemalt millised h\u00f5rgutised valmistas Toosikannu peakokk Sander Lehtoja\" \/>\n<meta property=\"og:url\" content=\"https:\/\/merikoivula.fi\/et\/merikoivula-kuldsed-haugikotletid\/\" \/>\n<meta property=\"og:site_name\" content=\"Merikoivula\" \/>\n<meta property=\"article:publisher\" content=\"https:\/\/www.facebook.com\/kalastuskeskus\" \/>\n<meta property=\"article:modified_time\" content=\"2025-06-17T12:55:41+00:00\" \/>\n<meta property=\"og:image\" content=\"https:\/\/merikoivula.fi\/wp-content\/uploads\/2022\/07\/Merikoivula-Tanel-Murd-335.jpg\" \/>\n\t<meta property=\"og:image:width\" content=\"2508\" \/>\n\t<meta property=\"og:image:height\" content=\"1672\" \/>\n\t<meta property=\"og:image:type\" content=\"image\/jpeg\" \/>\n<meta name=\"twitter:card\" content=\"summary_large_image\" \/>\n<meta name=\"twitter:label1\" content=\"Est. reading time\" \/>\n\t<meta name=\"twitter:data1\" content=\"2 minutit\" \/>\n<script type=\"application\/ld+json\" class=\"yoast-schema-graph\">{\"@context\":\"https:\\\/\\\/schema.org\",\"@graph\":[{\"@type\":\"WebPage\",\"@id\":\"https:\\\/\\\/merikoivula.fi\\\/et\\\/merikoivula-kuldsed-haugikotletid\\\/\",\"url\":\"https:\\\/\\\/merikoivula.fi\\\/et\\\/merikoivula-kuldsed-haugikotletid\\\/\",\"name\":\"Haugikotletid on h\u00f5rk roog, proovi j\u00e4rele!\",\"isPartOf\":{\"@id\":\"https:\\\/\\\/merikoivula.fi\\\/#website\"},\"datePublished\":\"2021-10-06T12:09:48+00:00\",\"dateModified\":\"2025-06-17T12:55:41+00:00\",\"description\":\"Merikoivula kuldsed haugikotletid viivad keele alla: Vaata l\u00e4hemalt millised h\u00f5rgutised valmistas Toosikannu peakokk Sander Lehtoja\",\"breadcrumb\":{\"@id\":\"https:\\\/\\\/merikoivula.fi\\\/et\\\/merikoivula-kuldsed-haugikotletid\\\/#breadcrumb\"},\"inLanguage\":\"et\",\"potentialAction\":[{\"@type\":\"ReadAction\",\"target\":[\"https:\\\/\\\/merikoivula.fi\\\/et\\\/merikoivula-kuldsed-haugikotletid\\\/\"]}]},{\"@type\":\"BreadcrumbList\",\"@id\":\"https:\\\/\\\/merikoivula.fi\\\/et\\\/merikoivula-kuldsed-haugikotletid\\\/#breadcrumb\",\"itemListElement\":[{\"@type\":\"ListItem\",\"position\":1,\"name\":\"Home\",\"item\":\"https:\\\/\\\/merikoivula.fi\\\/et\\\/\"},{\"@type\":\"ListItem\",\"position\":2,\"name\":\"Merikoivula kuldsed haugikotletid\"}]},{\"@type\":\"WebSite\",\"@id\":\"https:\\\/\\\/merikoivula.fi\\\/#website\",\"url\":\"https:\\\/\\\/merikoivula.fi\\\/\",\"name\":\"Merikoivula\",\"description\":\"Kalastus- ja lomakyl\u00e4\",\"publisher\":{\"@id\":\"https:\\\/\\\/merikoivula.fi\\\/#organization\"},\"potentialAction\":[{\"@type\":\"SearchAction\",\"target\":{\"@type\":\"EntryPoint\",\"urlTemplate\":\"https:\\\/\\\/merikoivula.fi\\\/?s={search_term_string}\"},\"query-input\":{\"@type\":\"PropertyValueSpecification\",\"valueRequired\":true,\"valueName\":\"search_term_string\"}}],\"inLanguage\":\"et\"},{\"@type\":\"Organization\",\"@id\":\"https:\\\/\\\/merikoivula.fi\\\/#organization\",\"name\":\"Kalastus- ja lomakyl\u00e4 Merikoivula\",\"url\":\"https:\\\/\\\/merikoivula.fi\\\/\",\"logo\":{\"@type\":\"ImageObject\",\"inLanguage\":\"et\",\"@id\":\"https:\\\/\\\/merikoivula.fi\\\/#\\\/schema\\\/logo\\\/image\\\/\",\"url\":\"https:\\\/\\\/merikoivula.fi\\\/wp-content\\\/uploads\\\/2021\\\/08\\\/Logo2.png\",\"contentUrl\":\"https:\\\/\\\/merikoivula.fi\\\/wp-content\\\/uploads\\\/2021\\\/08\\\/Logo2.png\",\"width\":1418,\"height\":627,\"caption\":\"Kalastus- ja lomakyl\u00e4 Merikoivula\"},\"image\":{\"@id\":\"https:\\\/\\\/merikoivula.fi\\\/#\\\/schema\\\/logo\\\/image\\\/\"},\"sameAs\":[\"https:\\\/\\\/www.facebook.com\\\/kalastuskeskus\",\"https:\\\/\\\/www.instagram.com\\\/merikoivulalomakyla\\\/\"]}]}<\/script>\n<!-- \/ Yoast SEO plugin. -->","yoast_head_json":{"title":"Haugikotletid on h\u00f5rk roog, proovi j\u00e4rele!","description":"Merikoivula kuldsed haugikotletid viivad keele alla: Vaata l\u00e4hemalt millised h\u00f5rgutised valmistas Toosikannu peakokk Sander Lehtoja","robots":{"index":"index","follow":"follow","max-snippet":"max-snippet:-1","max-image-preview":"max-image-preview:large","max-video-preview":"max-video-preview:-1"},"canonical":"https:\/\/merikoivula.fi\/et\/merikoivula-kuldsed-haugikotletid\/","og_locale":"et_EE","og_type":"article","og_title":"Haugikotletid on h\u00f5rk roog, proovi j\u00e4rele!","og_description":"Merikoivula kuldsed haugikotletid viivad keele alla: Vaata l\u00e4hemalt millised h\u00f5rgutised valmistas Toosikannu peakokk Sander Lehtoja","og_url":"https:\/\/merikoivula.fi\/et\/merikoivula-kuldsed-haugikotletid\/","og_site_name":"Merikoivula","article_publisher":"https:\/\/www.facebook.com\/kalastuskeskus","article_modified_time":"2025-06-17T12:55:41+00:00","og_image":[{"width":2508,"height":1672,"url":"https:\/\/merikoivula.fi\/wp-content\/uploads\/2022\/07\/Merikoivula-Tanel-Murd-335.jpg","type":"image\/jpeg"}],"twitter_card":"summary_large_image","twitter_misc":{"Est. reading time":"2 minutit"},"schema":{"@context":"https:\/\/schema.org","@graph":[{"@type":"WebPage","@id":"https:\/\/merikoivula.fi\/et\/merikoivula-kuldsed-haugikotletid\/","url":"https:\/\/merikoivula.fi\/et\/merikoivula-kuldsed-haugikotletid\/","name":"Haugikotletid on h\u00f5rk roog, proovi j\u00e4rele!","isPartOf":{"@id":"https:\/\/merikoivula.fi\/#website"},"datePublished":"2021-10-06T12:09:48+00:00","dateModified":"2025-06-17T12:55:41+00:00","description":"Merikoivula kuldsed haugikotletid viivad keele alla: Vaata l\u00e4hemalt millised h\u00f5rgutised valmistas Toosikannu peakokk Sander Lehtoja","breadcrumb":{"@id":"https:\/\/merikoivula.fi\/et\/merikoivula-kuldsed-haugikotletid\/#breadcrumb"},"inLanguage":"et","potentialAction":[{"@type":"ReadAction","target":["https:\/\/merikoivula.fi\/et\/merikoivula-kuldsed-haugikotletid\/"]}]},{"@type":"BreadcrumbList","@id":"https:\/\/merikoivula.fi\/et\/merikoivula-kuldsed-haugikotletid\/#breadcrumb","itemListElement":[{"@type":"ListItem","position":1,"name":"Home","item":"https:\/\/merikoivula.fi\/et\/"},{"@type":"ListItem","position":2,"name":"Merikoivula kuldsed haugikotletid"}]},{"@type":"WebSite","@id":"https:\/\/merikoivula.fi\/#website","url":"https:\/\/merikoivula.fi\/","name":"Merikoivula","description":"Kalastus- ja lomakyl\u00e4","publisher":{"@id":"https:\/\/merikoivula.fi\/#organization"},"potentialAction":[{"@type":"SearchAction","target":{"@type":"EntryPoint","urlTemplate":"https:\/\/merikoivula.fi\/?s={search_term_string}"},"query-input":{"@type":"PropertyValueSpecification","valueRequired":true,"valueName":"search_term_string"}}],"inLanguage":"et"},{"@type":"Organization","@id":"https:\/\/merikoivula.fi\/#organization","name":"Kalastus- ja lomakyl\u00e4 Merikoivula","url":"https:\/\/merikoivula.fi\/","logo":{"@type":"ImageObject","inLanguage":"et","@id":"https:\/\/merikoivula.fi\/#\/schema\/logo\/image\/","url":"https:\/\/merikoivula.fi\/wp-content\/uploads\/2021\/08\/Logo2.png","contentUrl":"https:\/\/merikoivula.fi\/wp-content\/uploads\/2021\/08\/Logo2.png","width":1418,"height":627,"caption":"Kalastus- ja lomakyl\u00e4 Merikoivula"},"image":{"@id":"https:\/\/merikoivula.fi\/#\/schema\/logo\/image\/"},"sameAs":["https:\/\/www.facebook.com\/kalastuskeskus","https:\/\/www.instagram.com\/merikoivulalomakyla\/"]}]}},"_links":{"self":[{"href":"https:\/\/merikoivula.fi\/et\/wp-json\/wp\/v2\/pages\/4829","targetHints":{"allow":["GET"]}}],"collection":[{"href":"https:\/\/merikoivula.fi\/et\/wp-json\/wp\/v2\/pages"}],"about":[{"href":"https:\/\/merikoivula.fi\/et\/wp-json\/wp\/v2\/types\/page"}],"author":[{"embeddable":true,"href":"https:\/\/merikoivula.fi\/et\/wp-json\/wp\/v2\/users\/17"}],"replies":[{"embeddable":true,"href":"https:\/\/merikoivula.fi\/et\/wp-json\/wp\/v2\/comments?post=4829"}],"version-history":[{"count":11,"href":"https:\/\/merikoivula.fi\/et\/wp-json\/wp\/v2\/pages\/4829\/revisions"}],"predecessor-version":[{"id":8505,"href":"https:\/\/merikoivula.fi\/et\/wp-json\/wp\/v2\/pages\/4829\/revisions\/8505"}],"wp:attachment":[{"href":"https:\/\/merikoivula.fi\/et\/wp-json\/wp\/v2\/media?parent=4829"}],"curies":[{"name":"wp","href":"https:\/\/api.w.org\/{rel}","templated":true}]}}