{"id":4892,"date":"2022-10-01T06:56:45","date_gmt":"2022-10-01T03:56:45","guid":{"rendered":"https:\/\/merikoivula.fi\/?page_id=4892"},"modified":"2025-12-08T19:26:43","modified_gmt":"2025-12-08T17:26:43","slug":"joulud-soomes","status":"publish","type":"page","link":"https:\/\/merikoivula.fi\/et\/joulud-soomes\/","title":{"rendered":"J\u00f5ulud Soomes"},"content":{"rendered":"","protected":false},"excerpt":{"rendered":"","protected":false},"author":17,"featured_media":0,"parent":0,"menu_order":0,"comment_status":"closed","ping_status":"closed","template":"","meta":{"_acf_changed":false,"_exactmetrics_skip_tracking":false,"_exactmetrics_sitenote_active":false,"_exactmetrics_sitenote_note":"","_exactmetrics_sitenote_category":0,"footnotes":""},"class_list":["post-4892","page","type-page","status-publish","hentry"],"acf":[],"yoast_head":"<!-- This site is optimized with the Yoast SEO plugin v27.3 - https:\/\/yoast.com\/product\/yoast-seo-wordpress\/ -->\n<title>J\u00f5ulud Soomes puhkemajas Turu saarestikus: Merikoivula<\/title>\n<meta name=\"description\" content=\"J\u00f5ulud Soomes kaheksale inimesele mere \u00e4\u00e4res uues puhkemajas Turu saarestikus: J\u00f5uluootuse paketid kaheks \u00f6\u00f6ks: Vaata l\u00e4hemalt!\" \/>\n<meta name=\"robots\" content=\"index, follow, max-snippet:-1, max-image-preview:large, max-video-preview:-1\" \/>\n<link rel=\"canonical\" href=\"https:\/\/merikoivula.fi\/et\/joulud-soomes\/\" \/>\n<meta property=\"og:locale\" content=\"et_EE\" \/>\n<meta property=\"og:type\" content=\"article\" \/>\n<meta property=\"og:title\" content=\"J\u00f5uluootus ehk pikkujoulut L\u00e4\u00e4ne-Soome saarestikus!\" \/>\n<meta property=\"og:description\" content=\"Siit leiad j\u00f5ulupeo paketid kaheksale inimesele!\" \/>\n<meta property=\"og:url\" content=\"https:\/\/merikoivula.fi\/et\/joulud-soomes\/\" \/>\n<meta property=\"og:site_name\" content=\"Merikoivula\" \/>\n<meta property=\"article:publisher\" content=\"https:\/\/www.facebook.com\/kalastuskeskus\" \/>\n<meta property=\"article:modified_time\" content=\"2025-12-08T17:26:43+00:00\" \/>\n<meta property=\"og:image\" content=\"https:\/\/merikoivula.fi\/wp-content\/uploads\/2025\/09\/Mokki-jouluksi-saaristosta_Merikoivula--e1758633405938.png\" \/>\n\t<meta property=\"og:image:width\" content=\"940\" \/>\n\t<meta property=\"og:image:height\" content=\"788\" \/>\n\t<meta property=\"og:image:type\" content=\"image\/png\" \/>\n<meta name=\"twitter:card\" content=\"summary_large_image\" \/>\n<meta name=\"twitter:label1\" content=\"Est. reading time\" \/>\n\t<meta name=\"twitter:data1\" content=\"7 minutit\" \/>\n<script type=\"application\/ld+json\" class=\"yoast-schema-graph\">{\"@context\":\"https:\\\/\\\/schema.org\",\"@graph\":[{\"@type\":\"WebPage\",\"@id\":\"https:\\\/\\\/merikoivula.fi\\\/et\\\/joulud-soomes\\\/\",\"url\":\"https:\\\/\\\/merikoivula.fi\\\/et\\\/joulud-soomes\\\/\",\"name\":\"J\u00f5ulud Soomes puhkemajas Turu saarestikus: Merikoivula\",\"isPartOf\":{\"@id\":\"https:\\\/\\\/merikoivula.fi\\\/#website\"},\"datePublished\":\"2022-10-01T03:56:45+00:00\",\"dateModified\":\"2025-12-08T17:26:43+00:00\",\"description\":\"J\u00f5ulud Soomes kaheksale inimesele mere \u00e4\u00e4res uues puhkemajas Turu saarestikus: J\u00f5uluootuse paketid kaheks \u00f6\u00f6ks: Vaata l\u00e4hemalt!\",\"breadcrumb\":{\"@id\":\"https:\\\/\\\/merikoivula.fi\\\/et\\\/joulud-soomes\\\/#breadcrumb\"},\"inLanguage\":\"et\",\"potentialAction\":[{\"@type\":\"ReadAction\",\"target\":[\"https:\\\/\\\/merikoivula.fi\\\/et\\\/joulud-soomes\\\/\"]}]},{\"@type\":\"BreadcrumbList\",\"@id\":\"https:\\\/\\\/merikoivula.fi\\\/et\\\/joulud-soomes\\\/#breadcrumb\",\"itemListElement\":[{\"@type\":\"ListItem\",\"position\":1,\"name\":\"Home\",\"item\":\"https:\\\/\\\/merikoivula.fi\\\/et\\\/\"},{\"@type\":\"ListItem\",\"position\":2,\"name\":\"J\u00f5ulud Soomes\"}]},{\"@type\":\"WebSite\",\"@id\":\"https:\\\/\\\/merikoivula.fi\\\/#website\",\"url\":\"https:\\\/\\\/merikoivula.fi\\\/\",\"name\":\"Merikoivula\",\"description\":\"Kalastus- ja lomakyl\u00e4\",\"publisher\":{\"@id\":\"https:\\\/\\\/merikoivula.fi\\\/#organization\"},\"potentialAction\":[{\"@type\":\"SearchAction\",\"target\":{\"@type\":\"EntryPoint\",\"urlTemplate\":\"https:\\\/\\\/merikoivula.fi\\\/?s={search_term_string}\"},\"query-input\":{\"@type\":\"PropertyValueSpecification\",\"valueRequired\":true,\"valueName\":\"search_term_string\"}}],\"inLanguage\":\"et\"},{\"@type\":\"Organization\",\"@id\":\"https:\\\/\\\/merikoivula.fi\\\/#organization\",\"name\":\"Kalastus- ja lomakyl\u00e4 Merikoivula\",\"url\":\"https:\\\/\\\/merikoivula.fi\\\/\",\"logo\":{\"@type\":\"ImageObject\",\"inLanguage\":\"et\",\"@id\":\"https:\\\/\\\/merikoivula.fi\\\/#\\\/schema\\\/logo\\\/image\\\/\",\"url\":\"https:\\\/\\\/merikoivula.fi\\\/wp-content\\\/uploads\\\/2021\\\/08\\\/Logo2.png\",\"contentUrl\":\"https:\\\/\\\/merikoivula.fi\\\/wp-content\\\/uploads\\\/2021\\\/08\\\/Logo2.png\",\"width\":1418,\"height\":627,\"caption\":\"Kalastus- ja lomakyl\u00e4 Merikoivula\"},\"image\":{\"@id\":\"https:\\\/\\\/merikoivula.fi\\\/#\\\/schema\\\/logo\\\/image\\\/\"},\"sameAs\":[\"https:\\\/\\\/www.facebook.com\\\/kalastuskeskus\",\"https:\\\/\\\/www.instagram.com\\\/merikoivulalomakyla\\\/\"]}]}<\/script>\n<!-- \/ Yoast SEO plugin. -->","yoast_head_json":{"title":"J\u00f5ulud Soomes puhkemajas Turu saarestikus: Merikoivula","description":"J\u00f5ulud Soomes kaheksale inimesele mere \u00e4\u00e4res uues puhkemajas Turu saarestikus: J\u00f5uluootuse paketid kaheks \u00f6\u00f6ks: Vaata l\u00e4hemalt!","robots":{"index":"index","follow":"follow","max-snippet":"max-snippet:-1","max-image-preview":"max-image-preview:large","max-video-preview":"max-video-preview:-1"},"canonical":"https:\/\/merikoivula.fi\/et\/joulud-soomes\/","og_locale":"et_EE","og_type":"article","og_title":"J\u00f5uluootus ehk pikkujoulut L\u00e4\u00e4ne-Soome saarestikus!","og_description":"Siit leiad j\u00f5ulupeo paketid kaheksale inimesele!","og_url":"https:\/\/merikoivula.fi\/et\/joulud-soomes\/","og_site_name":"Merikoivula","article_publisher":"https:\/\/www.facebook.com\/kalastuskeskus","article_modified_time":"2025-12-08T17:26:43+00:00","og_image":[{"width":940,"height":788,"url":"https:\/\/merikoivula.fi\/wp-content\/uploads\/2025\/09\/Mokki-jouluksi-saaristosta_Merikoivula--e1758633405938.png","type":"image\/png"}],"twitter_card":"summary_large_image","twitter_misc":{"Est. reading time":"7 minutit"},"schema":{"@context":"https:\/\/schema.org","@graph":[{"@type":"WebPage","@id":"https:\/\/merikoivula.fi\/et\/joulud-soomes\/","url":"https:\/\/merikoivula.fi\/et\/joulud-soomes\/","name":"J\u00f5ulud Soomes puhkemajas Turu saarestikus: Merikoivula","isPartOf":{"@id":"https:\/\/merikoivula.fi\/#website"},"datePublished":"2022-10-01T03:56:45+00:00","dateModified":"2025-12-08T17:26:43+00:00","description":"J\u00f5ulud Soomes kaheksale inimesele mere \u00e4\u00e4res uues puhkemajas Turu saarestikus: J\u00f5uluootuse paketid kaheks \u00f6\u00f6ks: Vaata l\u00e4hemalt!","breadcrumb":{"@id":"https:\/\/merikoivula.fi\/et\/joulud-soomes\/#breadcrumb"},"inLanguage":"et","potentialAction":[{"@type":"ReadAction","target":["https:\/\/merikoivula.fi\/et\/joulud-soomes\/"]}]},{"@type":"BreadcrumbList","@id":"https:\/\/merikoivula.fi\/et\/joulud-soomes\/#breadcrumb","itemListElement":[{"@type":"ListItem","position":1,"name":"Home","item":"https:\/\/merikoivula.fi\/et\/"},{"@type":"ListItem","position":2,"name":"J\u00f5ulud Soomes"}]},{"@type":"WebSite","@id":"https:\/\/merikoivula.fi\/#website","url":"https:\/\/merikoivula.fi\/","name":"Merikoivula","description":"Kalastus- ja lomakyl\u00e4","publisher":{"@id":"https:\/\/merikoivula.fi\/#organization"},"potentialAction":[{"@type":"SearchAction","target":{"@type":"EntryPoint","urlTemplate":"https:\/\/merikoivula.fi\/?s={search_term_string}"},"query-input":{"@type":"PropertyValueSpecification","valueRequired":true,"valueName":"search_term_string"}}],"inLanguage":"et"},{"@type":"Organization","@id":"https:\/\/merikoivula.fi\/#organization","name":"Kalastus- ja lomakyl\u00e4 Merikoivula","url":"https:\/\/merikoivula.fi\/","logo":{"@type":"ImageObject","inLanguage":"et","@id":"https:\/\/merikoivula.fi\/#\/schema\/logo\/image\/","url":"https:\/\/merikoivula.fi\/wp-content\/uploads\/2021\/08\/Logo2.png","contentUrl":"https:\/\/merikoivula.fi\/wp-content\/uploads\/2021\/08\/Logo2.png","width":1418,"height":627,"caption":"Kalastus- ja lomakyl\u00e4 Merikoivula"},"image":{"@id":"https:\/\/merikoivula.fi\/#\/schema\/logo\/image\/"},"sameAs":["https:\/\/www.facebook.com\/kalastuskeskus","https:\/\/www.instagram.com\/merikoivulalomakyla\/"]}]}},"_links":{"self":[{"href":"https:\/\/merikoivula.fi\/et\/wp-json\/wp\/v2\/pages\/4892","targetHints":{"allow":["GET"]}}],"collection":[{"href":"https:\/\/merikoivula.fi\/et\/wp-json\/wp\/v2\/pages"}],"about":[{"href":"https:\/\/merikoivula.fi\/et\/wp-json\/wp\/v2\/types\/page"}],"author":[{"embeddable":true,"href":"https:\/\/merikoivula.fi\/et\/wp-json\/wp\/v2\/users\/17"}],"replies":[{"embeddable":true,"href":"https:\/\/merikoivula.fi\/et\/wp-json\/wp\/v2\/comments?post=4892"}],"version-history":[{"count":60,"href":"https:\/\/merikoivula.fi\/et\/wp-json\/wp\/v2\/pages\/4892\/revisions"}],"predecessor-version":[{"id":8960,"href":"https:\/\/merikoivula.fi\/et\/wp-json\/wp\/v2\/pages\/4892\/revisions\/8960"}],"wp:attachment":[{"href":"https:\/\/merikoivula.fi\/et\/wp-json\/wp\/v2\/media?parent=4892"}],"curies":[{"name":"wp","href":"https:\/\/api.w.org\/{rel}","templated":true}]}}