{"id":8016,"date":"2024-04-19T15:29:20","date_gmt":"2024-04-19T12:29:20","guid":{"rendered":"https:\/\/merikoivula.fi\/?page_id=8016"},"modified":"2024-05-16T10:24:46","modified_gmt":"2024-05-16T07:24:46","slug":"kalastusfoto-kampaania","status":"publish","type":"page","link":"https:\/\/merikoivula.fi\/et\/kalastusfoto-kampaania\/","title":{"rendered":"Kalap\u00fc\u00fck Soomes"},"content":{"rendered":"","protected":false},"excerpt":{"rendered":"","protected":false},"author":17,"featured_media":0,"parent":0,"menu_order":0,"comment_status":"closed","ping_status":"closed","template":"","meta":{"_acf_changed":false,"_exactmetrics_skip_tracking":false,"_exactmetrics_sitenote_active":false,"_exactmetrics_sitenote_note":"","_exactmetrics_sitenote_category":0,"footnotes":""},"class_list":["post-8016","page","type-page","status-publish","hentry"],"acf":[],"yoast_head":"<!-- This site is optimized with the Yoast SEO plugin v27.3 - https:\/\/yoast.com\/product\/yoast-seo-wordpress\/ -->\n<title>Kalastusfoto 2024 kampaania Turu saarestikus: Merikoivula<\/title>\n<meta name=\"description\" content=\"Kalastusfoto 2024: tee vahvaid pilte kalap\u00fc\u00fcgist ja -valmistamisest ning v\u00f5ida Tuna mootorpaadi kasutus terveks p\u00e4evaks. Vaata t\u00e4psemalt\" \/>\n<meta name=\"robots\" content=\"index, follow, max-snippet:-1, max-image-preview:large, max-video-preview:-1\" \/>\n<link rel=\"canonical\" href=\"https:\/\/merikoivula.fi\/et\/kalastusfoto-kampaania\/\" \/>\n<meta property=\"og:locale\" content=\"et_EE\" \/>\n<meta property=\"og:type\" content=\"article\" \/>\n<meta property=\"og:title\" content=\"Kalastusfoto 2024 kampaania Merikoivulas!\" \/>\n<meta property=\"og:description\" content=\"\u00d6\u00f6bi Merikoivulas, k\u00e4i kalal ning saada meile kalap\u00fc\u00fcgiga seotud fotosid ja v\u00f5ida mootospaadi kasutus kogu p\u00e4evaks!\" \/>\n<meta property=\"og:url\" content=\"https:\/\/merikoivula.fi\/et\/kalastusfoto-kampaania\/\" \/>\n<meta property=\"og:site_name\" content=\"Merikoivula\" \/>\n<meta property=\"article:publisher\" content=\"https:\/\/www.facebook.com\/kalastuskeskus\" \/>\n<meta property=\"article:modified_time\" content=\"2024-05-16T07:24:46+00:00\" \/>\n<meta property=\"og:image\" content=\"https:\/\/merikoivula.fi\/wp-content\/uploads\/2020\/09\/Haug-Tanel-scaled-e1633067701999.jpeg\" \/>\n\t<meta property=\"og:image:width\" content=\"1900\" \/>\n\t<meta property=\"og:image:height\" content=\"2041\" \/>\n\t<meta property=\"og:image:type\" content=\"image\/jpeg\" \/>\n<meta name=\"twitter:card\" content=\"summary_large_image\" \/>\n<meta name=\"twitter:label1\" content=\"Est. reading time\" \/>\n\t<meta name=\"twitter:data1\" content=\"4 minutit\" \/>\n<script type=\"application\/ld+json\" class=\"yoast-schema-graph\">{\"@context\":\"https:\\\/\\\/schema.org\",\"@graph\":[{\"@type\":\"WebPage\",\"@id\":\"https:\\\/\\\/merikoivula.fi\\\/et\\\/kalastusfoto-kampaania\\\/\",\"url\":\"https:\\\/\\\/merikoivula.fi\\\/et\\\/kalastusfoto-kampaania\\\/\",\"name\":\"Kalastusfoto 2024 kampaania Turu saarestikus: Merikoivula\",\"isPartOf\":{\"@id\":\"https:\\\/\\\/merikoivula.fi\\\/#website\"},\"datePublished\":\"2024-04-19T12:29:20+00:00\",\"dateModified\":\"2024-05-16T07:24:46+00:00\",\"description\":\"Kalastusfoto 2024: tee vahvaid pilte kalap\u00fc\u00fcgist ja -valmistamisest ning v\u00f5ida Tuna mootorpaadi kasutus terveks p\u00e4evaks. Vaata t\u00e4psemalt\",\"breadcrumb\":{\"@id\":\"https:\\\/\\\/merikoivula.fi\\\/et\\\/kalastusfoto-kampaania\\\/#breadcrumb\"},\"inLanguage\":\"et\",\"potentialAction\":[{\"@type\":\"ReadAction\",\"target\":[\"https:\\\/\\\/merikoivula.fi\\\/et\\\/kalastusfoto-kampaania\\\/\"]}]},{\"@type\":\"BreadcrumbList\",\"@id\":\"https:\\\/\\\/merikoivula.fi\\\/et\\\/kalastusfoto-kampaania\\\/#breadcrumb\",\"itemListElement\":[{\"@type\":\"ListItem\",\"position\":1,\"name\":\"Home\",\"item\":\"https:\\\/\\\/merikoivula.fi\\\/et\\\/\"},{\"@type\":\"ListItem\",\"position\":2,\"name\":\"Kalap\u00fc\u00fck Soomes\"}]},{\"@type\":\"WebSite\",\"@id\":\"https:\\\/\\\/merikoivula.fi\\\/#website\",\"url\":\"https:\\\/\\\/merikoivula.fi\\\/\",\"name\":\"Merikoivula\",\"description\":\"Kalastus- ja lomakyl\u00e4\",\"publisher\":{\"@id\":\"https:\\\/\\\/merikoivula.fi\\\/#organization\"},\"potentialAction\":[{\"@type\":\"SearchAction\",\"target\":{\"@type\":\"EntryPoint\",\"urlTemplate\":\"https:\\\/\\\/merikoivula.fi\\\/?s={search_term_string}\"},\"query-input\":{\"@type\":\"PropertyValueSpecification\",\"valueRequired\":true,\"valueName\":\"search_term_string\"}}],\"inLanguage\":\"et\"},{\"@type\":\"Organization\",\"@id\":\"https:\\\/\\\/merikoivula.fi\\\/#organization\",\"name\":\"Kalastus- ja lomakyl\u00e4 Merikoivula\",\"url\":\"https:\\\/\\\/merikoivula.fi\\\/\",\"logo\":{\"@type\":\"ImageObject\",\"inLanguage\":\"et\",\"@id\":\"https:\\\/\\\/merikoivula.fi\\\/#\\\/schema\\\/logo\\\/image\\\/\",\"url\":\"https:\\\/\\\/merikoivula.fi\\\/wp-content\\\/uploads\\\/2021\\\/08\\\/Logo2.png\",\"contentUrl\":\"https:\\\/\\\/merikoivula.fi\\\/wp-content\\\/uploads\\\/2021\\\/08\\\/Logo2.png\",\"width\":1418,\"height\":627,\"caption\":\"Kalastus- ja lomakyl\u00e4 Merikoivula\"},\"image\":{\"@id\":\"https:\\\/\\\/merikoivula.fi\\\/#\\\/schema\\\/logo\\\/image\\\/\"},\"sameAs\":[\"https:\\\/\\\/www.facebook.com\\\/kalastuskeskus\",\"https:\\\/\\\/www.instagram.com\\\/merikoivulalomakyla\\\/\"]}]}<\/script>\n<!-- \/ Yoast SEO plugin. -->","yoast_head_json":{"title":"Kalastusfoto 2024 kampaania Turu saarestikus: Merikoivula","description":"Kalastusfoto 2024: tee vahvaid pilte kalap\u00fc\u00fcgist ja -valmistamisest ning v\u00f5ida Tuna mootorpaadi kasutus terveks p\u00e4evaks. Vaata t\u00e4psemalt","robots":{"index":"index","follow":"follow","max-snippet":"max-snippet:-1","max-image-preview":"max-image-preview:large","max-video-preview":"max-video-preview:-1"},"canonical":"https:\/\/merikoivula.fi\/et\/kalastusfoto-kampaania\/","og_locale":"et_EE","og_type":"article","og_title":"Kalastusfoto 2024 kampaania Merikoivulas!","og_description":"\u00d6\u00f6bi Merikoivulas, k\u00e4i kalal ning saada meile kalap\u00fc\u00fcgiga seotud fotosid ja v\u00f5ida mootospaadi kasutus kogu p\u00e4evaks!","og_url":"https:\/\/merikoivula.fi\/et\/kalastusfoto-kampaania\/","og_site_name":"Merikoivula","article_publisher":"https:\/\/www.facebook.com\/kalastuskeskus","article_modified_time":"2024-05-16T07:24:46+00:00","og_image":[{"width":1900,"height":2041,"url":"https:\/\/merikoivula.fi\/wp-content\/uploads\/2020\/09\/Haug-Tanel-scaled-e1633067701999.jpeg","type":"image\/jpeg"}],"twitter_card":"summary_large_image","twitter_misc":{"Est. reading time":"4 minutit"},"schema":{"@context":"https:\/\/schema.org","@graph":[{"@type":"WebPage","@id":"https:\/\/merikoivula.fi\/et\/kalastusfoto-kampaania\/","url":"https:\/\/merikoivula.fi\/et\/kalastusfoto-kampaania\/","name":"Kalastusfoto 2024 kampaania Turu saarestikus: Merikoivula","isPartOf":{"@id":"https:\/\/merikoivula.fi\/#website"},"datePublished":"2024-04-19T12:29:20+00:00","dateModified":"2024-05-16T07:24:46+00:00","description":"Kalastusfoto 2024: tee vahvaid pilte kalap\u00fc\u00fcgist ja -valmistamisest ning v\u00f5ida Tuna mootorpaadi kasutus terveks p\u00e4evaks. Vaata t\u00e4psemalt","breadcrumb":{"@id":"https:\/\/merikoivula.fi\/et\/kalastusfoto-kampaania\/#breadcrumb"},"inLanguage":"et","potentialAction":[{"@type":"ReadAction","target":["https:\/\/merikoivula.fi\/et\/kalastusfoto-kampaania\/"]}]},{"@type":"BreadcrumbList","@id":"https:\/\/merikoivula.fi\/et\/kalastusfoto-kampaania\/#breadcrumb","itemListElement":[{"@type":"ListItem","position":1,"name":"Home","item":"https:\/\/merikoivula.fi\/et\/"},{"@type":"ListItem","position":2,"name":"Kalap\u00fc\u00fck Soomes"}]},{"@type":"WebSite","@id":"https:\/\/merikoivula.fi\/#website","url":"https:\/\/merikoivula.fi\/","name":"Merikoivula","description":"Kalastus- ja lomakyl\u00e4","publisher":{"@id":"https:\/\/merikoivula.fi\/#organization"},"potentialAction":[{"@type":"SearchAction","target":{"@type":"EntryPoint","urlTemplate":"https:\/\/merikoivula.fi\/?s={search_term_string}"},"query-input":{"@type":"PropertyValueSpecification","valueRequired":true,"valueName":"search_term_string"}}],"inLanguage":"et"},{"@type":"Organization","@id":"https:\/\/merikoivula.fi\/#organization","name":"Kalastus- ja lomakyl\u00e4 Merikoivula","url":"https:\/\/merikoivula.fi\/","logo":{"@type":"ImageObject","inLanguage":"et","@id":"https:\/\/merikoivula.fi\/#\/schema\/logo\/image\/","url":"https:\/\/merikoivula.fi\/wp-content\/uploads\/2021\/08\/Logo2.png","contentUrl":"https:\/\/merikoivula.fi\/wp-content\/uploads\/2021\/08\/Logo2.png","width":1418,"height":627,"caption":"Kalastus- ja lomakyl\u00e4 Merikoivula"},"image":{"@id":"https:\/\/merikoivula.fi\/#\/schema\/logo\/image\/"},"sameAs":["https:\/\/www.facebook.com\/kalastuskeskus","https:\/\/www.instagram.com\/merikoivulalomakyla\/"]}]}},"_links":{"self":[{"href":"https:\/\/merikoivula.fi\/et\/wp-json\/wp\/v2\/pages\/8016","targetHints":{"allow":["GET"]}}],"collection":[{"href":"https:\/\/merikoivula.fi\/et\/wp-json\/wp\/v2\/pages"}],"about":[{"href":"https:\/\/merikoivula.fi\/et\/wp-json\/wp\/v2\/types\/page"}],"author":[{"embeddable":true,"href":"https:\/\/merikoivula.fi\/et\/wp-json\/wp\/v2\/users\/17"}],"replies":[{"embeddable":true,"href":"https:\/\/merikoivula.fi\/et\/wp-json\/wp\/v2\/comments?post=8016"}],"version-history":[{"count":17,"href":"https:\/\/merikoivula.fi\/et\/wp-json\/wp\/v2\/pages\/8016\/revisions"}],"predecessor-version":[{"id":8128,"href":"https:\/\/merikoivula.fi\/et\/wp-json\/wp\/v2\/pages\/8016\/revisions\/8128"}],"wp:attachment":[{"href":"https:\/\/merikoivula.fi\/et\/wp-json\/wp\/v2\/media?parent=8016"}],"curies":[{"name":"wp","href":"https:\/\/api.w.org\/{rel}","templated":true}]}}