{"id":8509,"date":"2025-07-04T17:24:06","date_gmt":"2025-07-04T14:24:06","guid":{"rendered":"https:\/\/merikoivula.fi\/?page_id=8509"},"modified":"2025-07-31T14:56:16","modified_gmt":"2025-07-31T11:56:16","slug":"mokki-ja-mootorpaat","status":"publish","type":"page","link":"https:\/\/merikoivula.fi\/et\/mokki-ja-mootorpaat\/","title":{"rendered":"Suvepakkumine: M\u00d6KKI JA MOOTORPAAT"},"content":{"rendered":"","protected":false},"excerpt":{"rendered":"","protected":false},"author":17,"featured_media":0,"parent":0,"menu_order":0,"comment_status":"closed","ping_status":"closed","template":"","meta":{"_acf_changed":false,"_exactmetrics_skip_tracking":false,"_exactmetrics_sitenote_active":false,"_exactmetrics_sitenote_note":"","_exactmetrics_sitenote_category":0,"footnotes":""},"class_list":["post-8509","page","type-page","status-publish","hentry"],"acf":[],"yoast_head":"<!-- This site is optimized with the Yoast SEO plugin v27.5 - https:\/\/yoast.com\/product\/yoast-seo-wordpress\/ -->\n<title>M\u00f6kki ja mootorpaat kuuma suvepakkumisena: Merikoivula<\/title>\n<meta name=\"description\" content=\"M\u00f6kki ja mootorpaat kolmeks \u00f6\u00f6ks 30% soodsamalt! Kehtib v\u00e4ikese pere suvem\u00f6kkile ja Kasse mootorpaadile: Vaata ja broneeri\" \/>\n<meta name=\"robots\" content=\"index, follow, max-snippet:-1, max-image-preview:large, max-video-preview:-1\" \/>\n<link rel=\"canonical\" href=\"https:\/\/merikoivula.fi\/et\/mokki-ja-mootorpaat\/\" \/>\n<meta property=\"og:locale\" content=\"et_EE\" \/>\n<meta property=\"og:type\" content=\"article\" \/>\n<meta property=\"og:title\" content=\"M\u00f6kki ja mootorpaat kuuma suvepakkumisena: Merikoivula\" \/>\n<meta property=\"og:description\" content=\"M\u00f6kki ja vene etukoodilla pikkum\u00f6kki pieneelle perheelle ja Kasse-per\u00e4moottorivene kolmeksi y\u00f6ksi 30% edullisemmin: Varaa verkosta!M\u00f6kki ja mootorpaat kolmeks \u00f6\u00f6ks 30% soodsamalt! Kehtib v\u00e4ikese pere suvem\u00f6kkile ja Kasse mootorpaadile: Vaata ja broneeri\" \/>\n<meta property=\"og:url\" content=\"https:\/\/merikoivula.fi\/et\/mokki-ja-mootorpaat\/\" \/>\n<meta property=\"og:site_name\" content=\"Merikoivula\" \/>\n<meta property=\"article:publisher\" content=\"https:\/\/www.facebook.com\/kalastuskeskus\" \/>\n<meta property=\"article:modified_time\" content=\"2025-07-31T11:56:16+00:00\" \/>\n<meta property=\"og:image\" content=\"https:\/\/merikoivula.fi\/wp-content\/uploads\/2025\/07\/MeriKoivula-eripakkumine-3-paeva-30-veeb.png\" \/>\n\t<meta property=\"og:image:width\" content=\"1024\" \/>\n\t<meta property=\"og:image:height\" content=\"1024\" \/>\n\t<meta property=\"og:image:type\" content=\"image\/png\" \/>\n<meta name=\"twitter:card\" content=\"summary_large_image\" \/>\n<meta name=\"twitter:label1\" content=\"Est. reading time\" \/>\n\t<meta name=\"twitter:data1\" content=\"7 minutit\" \/>\n<script type=\"application\/ld+json\" class=\"yoast-schema-graph\">{\"@context\":\"https:\\\/\\\/schema.org\",\"@graph\":[{\"@type\":\"WebPage\",\"@id\":\"https:\\\/\\\/merikoivula.fi\\\/et\\\/mokki-ja-mootorpaat\\\/\",\"url\":\"https:\\\/\\\/merikoivula.fi\\\/et\\\/mokki-ja-mootorpaat\\\/\",\"name\":\"M\u00f6kki ja mootorpaat kuuma suvepakkumisena: Merikoivula\",\"isPartOf\":{\"@id\":\"https:\\\/\\\/merikoivula.fi\\\/#website\"},\"datePublished\":\"2025-07-04T14:24:06+00:00\",\"dateModified\":\"2025-07-31T11:56:16+00:00\",\"description\":\"M\u00f6kki ja mootorpaat kolmeks \u00f6\u00f6ks 30% soodsamalt! Kehtib v\u00e4ikese pere suvem\u00f6kkile ja Kasse mootorpaadile: Vaata ja broneeri\",\"breadcrumb\":{\"@id\":\"https:\\\/\\\/merikoivula.fi\\\/et\\\/mokki-ja-mootorpaat\\\/#breadcrumb\"},\"inLanguage\":\"et\",\"potentialAction\":[{\"@type\":\"ReadAction\",\"target\":[\"https:\\\/\\\/merikoivula.fi\\\/et\\\/mokki-ja-mootorpaat\\\/\"]}]},{\"@type\":\"BreadcrumbList\",\"@id\":\"https:\\\/\\\/merikoivula.fi\\\/et\\\/mokki-ja-mootorpaat\\\/#breadcrumb\",\"itemListElement\":[{\"@type\":\"ListItem\",\"position\":1,\"name\":\"Home\",\"item\":\"https:\\\/\\\/merikoivula.fi\\\/et\\\/\"},{\"@type\":\"ListItem\",\"position\":2,\"name\":\"Suvepakkumine: M\u00d6KKI JA MOOTORPAAT\"}]},{\"@type\":\"WebSite\",\"@id\":\"https:\\\/\\\/merikoivula.fi\\\/#website\",\"url\":\"https:\\\/\\\/merikoivula.fi\\\/\",\"name\":\"Merikoivula\",\"description\":\"Kalastus- ja lomakyl\u00e4\",\"publisher\":{\"@id\":\"https:\\\/\\\/merikoivula.fi\\\/#organization\"},\"potentialAction\":[{\"@type\":\"SearchAction\",\"target\":{\"@type\":\"EntryPoint\",\"urlTemplate\":\"https:\\\/\\\/merikoivula.fi\\\/?s={search_term_string}\"},\"query-input\":{\"@type\":\"PropertyValueSpecification\",\"valueRequired\":true,\"valueName\":\"search_term_string\"}}],\"inLanguage\":\"et\"},{\"@type\":\"Organization\",\"@id\":\"https:\\\/\\\/merikoivula.fi\\\/#organization\",\"name\":\"Kalastus- ja lomakyl\u00e4 Merikoivula\",\"url\":\"https:\\\/\\\/merikoivula.fi\\\/\",\"logo\":{\"@type\":\"ImageObject\",\"inLanguage\":\"et\",\"@id\":\"https:\\\/\\\/merikoivula.fi\\\/#\\\/schema\\\/logo\\\/image\\\/\",\"url\":\"https:\\\/\\\/merikoivula.fi\\\/wp-content\\\/uploads\\\/2021\\\/08\\\/Logo2.png\",\"contentUrl\":\"https:\\\/\\\/merikoivula.fi\\\/wp-content\\\/uploads\\\/2021\\\/08\\\/Logo2.png\",\"width\":1418,\"height\":627,\"caption\":\"Kalastus- ja lomakyl\u00e4 Merikoivula\"},\"image\":{\"@id\":\"https:\\\/\\\/merikoivula.fi\\\/#\\\/schema\\\/logo\\\/image\\\/\"},\"sameAs\":[\"https:\\\/\\\/www.facebook.com\\\/kalastuskeskus\",\"https:\\\/\\\/www.instagram.com\\\/merikoivulalomakyla\\\/\"]}]}<\/script>\n<!-- \/ Yoast SEO plugin. -->","yoast_head_json":{"title":"M\u00f6kki ja mootorpaat kuuma suvepakkumisena: Merikoivula","description":"M\u00f6kki ja mootorpaat kolmeks \u00f6\u00f6ks 30% soodsamalt! Kehtib v\u00e4ikese pere suvem\u00f6kkile ja Kasse mootorpaadile: Vaata ja broneeri","robots":{"index":"index","follow":"follow","max-snippet":"max-snippet:-1","max-image-preview":"max-image-preview:large","max-video-preview":"max-video-preview:-1"},"canonical":"https:\/\/merikoivula.fi\/et\/mokki-ja-mootorpaat\/","og_locale":"et_EE","og_type":"article","og_title":"M\u00f6kki ja mootorpaat kuuma suvepakkumisena: Merikoivula","og_description":"M\u00f6kki ja vene etukoodilla pikkum\u00f6kki pieneelle perheelle ja Kasse-per\u00e4moottorivene kolmeksi y\u00f6ksi 30% edullisemmin: Varaa verkosta!M\u00f6kki ja mootorpaat kolmeks \u00f6\u00f6ks 30% soodsamalt! Kehtib v\u00e4ikese pere suvem\u00f6kkile ja Kasse mootorpaadile: Vaata ja broneeri","og_url":"https:\/\/merikoivula.fi\/et\/mokki-ja-mootorpaat\/","og_site_name":"Merikoivula","article_publisher":"https:\/\/www.facebook.com\/kalastuskeskus","article_modified_time":"2025-07-31T11:56:16+00:00","og_image":[{"url":"https:\/\/merikoivula.fi\/wp-content\/uploads\/2025\/07\/MeriKoivula-eripakkumine-3-paeva-30-veeb.png","width":1024,"height":1024,"type":"image\/png"}],"twitter_card":"summary_large_image","twitter_misc":{"Est. reading time":"7 minutit"},"schema":{"@context":"https:\/\/schema.org","@graph":[{"@type":"WebPage","@id":"https:\/\/merikoivula.fi\/et\/mokki-ja-mootorpaat\/","url":"https:\/\/merikoivula.fi\/et\/mokki-ja-mootorpaat\/","name":"M\u00f6kki ja mootorpaat kuuma suvepakkumisena: Merikoivula","isPartOf":{"@id":"https:\/\/merikoivula.fi\/#website"},"datePublished":"2025-07-04T14:24:06+00:00","dateModified":"2025-07-31T11:56:16+00:00","description":"M\u00f6kki ja mootorpaat kolmeks \u00f6\u00f6ks 30% soodsamalt! Kehtib v\u00e4ikese pere suvem\u00f6kkile ja Kasse mootorpaadile: Vaata ja broneeri","breadcrumb":{"@id":"https:\/\/merikoivula.fi\/et\/mokki-ja-mootorpaat\/#breadcrumb"},"inLanguage":"et","potentialAction":[{"@type":"ReadAction","target":["https:\/\/merikoivula.fi\/et\/mokki-ja-mootorpaat\/"]}]},{"@type":"BreadcrumbList","@id":"https:\/\/merikoivula.fi\/et\/mokki-ja-mootorpaat\/#breadcrumb","itemListElement":[{"@type":"ListItem","position":1,"name":"Home","item":"https:\/\/merikoivula.fi\/et\/"},{"@type":"ListItem","position":2,"name":"Suvepakkumine: M\u00d6KKI JA MOOTORPAAT"}]},{"@type":"WebSite","@id":"https:\/\/merikoivula.fi\/#website","url":"https:\/\/merikoivula.fi\/","name":"Merikoivula","description":"Kalastus- ja lomakyl\u00e4","publisher":{"@id":"https:\/\/merikoivula.fi\/#organization"},"potentialAction":[{"@type":"SearchAction","target":{"@type":"EntryPoint","urlTemplate":"https:\/\/merikoivula.fi\/?s={search_term_string}"},"query-input":{"@type":"PropertyValueSpecification","valueRequired":true,"valueName":"search_term_string"}}],"inLanguage":"et"},{"@type":"Organization","@id":"https:\/\/merikoivula.fi\/#organization","name":"Kalastus- ja lomakyl\u00e4 Merikoivula","url":"https:\/\/merikoivula.fi\/","logo":{"@type":"ImageObject","inLanguage":"et","@id":"https:\/\/merikoivula.fi\/#\/schema\/logo\/image\/","url":"https:\/\/merikoivula.fi\/wp-content\/uploads\/2021\/08\/Logo2.png","contentUrl":"https:\/\/merikoivula.fi\/wp-content\/uploads\/2021\/08\/Logo2.png","width":1418,"height":627,"caption":"Kalastus- ja lomakyl\u00e4 Merikoivula"},"image":{"@id":"https:\/\/merikoivula.fi\/#\/schema\/logo\/image\/"},"sameAs":["https:\/\/www.facebook.com\/kalastuskeskus","https:\/\/www.instagram.com\/merikoivulalomakyla\/"]}]}},"_links":{"self":[{"href":"https:\/\/merikoivula.fi\/et\/wp-json\/wp\/v2\/pages\/8509","targetHints":{"allow":["GET"]}}],"collection":[{"href":"https:\/\/merikoivula.fi\/et\/wp-json\/wp\/v2\/pages"}],"about":[{"href":"https:\/\/merikoivula.fi\/et\/wp-json\/wp\/v2\/types\/page"}],"author":[{"embeddable":true,"href":"https:\/\/merikoivula.fi\/et\/wp-json\/wp\/v2\/users\/17"}],"replies":[{"embeddable":true,"href":"https:\/\/merikoivula.fi\/et\/wp-json\/wp\/v2\/comments?post=8509"}],"version-history":[{"count":10,"href":"https:\/\/merikoivula.fi\/et\/wp-json\/wp\/v2\/pages\/8509\/revisions"}],"predecessor-version":[{"id":8761,"href":"https:\/\/merikoivula.fi\/et\/wp-json\/wp\/v2\/pages\/8509\/revisions\/8761"}],"wp:attachment":[{"href":"https:\/\/merikoivula.fi\/et\/wp-json\/wp\/v2\/media?parent=8509"}],"curies":[{"name":"wp","href":"https:\/\/api.w.org\/{rel}","templated":true}]}}