{"id":8968,"date":"2026-01-13T11:09:12","date_gmt":"2026-01-13T09:09:12","guid":{"rendered":"https:\/\/merikoivula.fi\/?page_id=8968"},"modified":"2026-03-08T10:19:27","modified_gmt":"2026-03-08T08:19:27","slug":"suvepakkumine","status":"publish","type":"page","link":"https:\/\/merikoivula.fi\/et\/suvepakkumine\/","title":{"rendered":"Suvepakkumine 2026"},"content":{"rendered":"","protected":false},"excerpt":{"rendered":"","protected":false},"author":17,"featured_media":0,"parent":0,"menu_order":0,"comment_status":"closed","ping_status":"closed","template":"","meta":{"_acf_changed":false,"_exactmetrics_skip_tracking":false,"_exactmetrics_sitenote_active":false,"_exactmetrics_sitenote_note":"","_exactmetrics_sitenote_category":0,"footnotes":""},"class_list":["post-8968","page","type-page","status-publish","hentry"],"acf":[],"yoast_head":"<!-- This site is optimized with the Yoast SEO plugin v27.4 - https:\/\/yoast.com\/product\/yoast-seo-wordpress\/ -->\n<title>M\u00f6kki ja mootorpaat kuuma suvepakkumisena: Merikoivula<\/title>\n<meta name=\"description\" content=\"M\u00f6kki ja mootorpaat kolmeks \u00f6\u00f6ks 30% soodsamalt! Kehtib v\u00e4ikese pere suvem\u00f6kkile ja Kasse mootorpaadile: Vaata ja broneeri\" \/>\n<meta name=\"robots\" content=\"index, follow, max-snippet:-1, max-image-preview:large, max-video-preview:-1\" \/>\n<link rel=\"canonical\" href=\"https:\/\/merikoivula.fi\/et\/suvepakkumine\/\" \/>\n<meta property=\"og:locale\" content=\"et_EE\" \/>\n<meta property=\"og:type\" content=\"article\" \/>\n<meta property=\"og:title\" content=\"M\u00f6kki ja mootorpaat kuuma suvepakkumisena: Merikoivula\" \/>\n<meta property=\"og:description\" content=\"M\u00f6kki ja vene etukoodilla pikkum\u00f6kki pieneelle perheelle ja Kasse-per\u00e4moottorivene kolmeksi y\u00f6ksi 30% edullisemmin: Varaa verkosta!M\u00f6kki ja mootorpaat kolmeks \u00f6\u00f6ks 30% soodsamalt! Kehtib v\u00e4ikese pere suvem\u00f6kkile ja Kasse mootorpaadile: Vaata ja broneeri\" \/>\n<meta property=\"og:url\" content=\"https:\/\/merikoivula.fi\/et\/suvepakkumine\/\" \/>\n<meta property=\"og:site_name\" content=\"Merikoivula\" \/>\n<meta property=\"article:publisher\" content=\"https:\/\/www.facebook.com\/kalastuskeskus\" \/>\n<meta property=\"article:modified_time\" content=\"2026-03-08T08:19:27+00:00\" \/>\n<meta property=\"og:image\" content=\"https:\/\/merikoivula.fi\/wp-content\/uploads\/2026\/02\/Suvepakkumine-30_Merikoivula-1-210-x-210-mm.jpg\" \/>\n\t<meta property=\"og:image:width\" content=\"2000\" \/>\n\t<meta property=\"og:image:height\" content=\"2000\" \/>\n\t<meta property=\"og:image:type\" content=\"image\/jpeg\" \/>\n<meta name=\"twitter:card\" content=\"summary_large_image\" \/>\n<meta name=\"twitter:label1\" content=\"Est. reading time\" \/>\n\t<meta name=\"twitter:data1\" content=\"4 minutit\" \/>\n<script type=\"application\/ld+json\" class=\"yoast-schema-graph\">{\"@context\":\"https:\\\/\\\/schema.org\",\"@graph\":[{\"@type\":\"WebPage\",\"@id\":\"https:\\\/\\\/merikoivula.fi\\\/et\\\/suvepakkumine\\\/\",\"url\":\"https:\\\/\\\/merikoivula.fi\\\/et\\\/suvepakkumine\\\/\",\"name\":\"M\u00f6kki ja mootorpaat kuuma suvepakkumisena: Merikoivula\",\"isPartOf\":{\"@id\":\"https:\\\/\\\/merikoivula.fi\\\/#website\"},\"datePublished\":\"2026-01-13T09:09:12+00:00\",\"dateModified\":\"2026-03-08T08:19:27+00:00\",\"description\":\"M\u00f6kki ja mootorpaat kolmeks \u00f6\u00f6ks 30% soodsamalt! Kehtib v\u00e4ikese pere suvem\u00f6kkile ja Kasse mootorpaadile: Vaata ja broneeri\",\"breadcrumb\":{\"@id\":\"https:\\\/\\\/merikoivula.fi\\\/et\\\/suvepakkumine\\\/#breadcrumb\"},\"inLanguage\":\"et\",\"potentialAction\":[{\"@type\":\"ReadAction\",\"target\":[\"https:\\\/\\\/merikoivula.fi\\\/et\\\/suvepakkumine\\\/\"]}]},{\"@type\":\"BreadcrumbList\",\"@id\":\"https:\\\/\\\/merikoivula.fi\\\/et\\\/suvepakkumine\\\/#breadcrumb\",\"itemListElement\":[{\"@type\":\"ListItem\",\"position\":1,\"name\":\"Home\",\"item\":\"https:\\\/\\\/merikoivula.fi\\\/et\\\/\"},{\"@type\":\"ListItem\",\"position\":2,\"name\":\"Suvepakkumine 2026\"}]},{\"@type\":\"WebSite\",\"@id\":\"https:\\\/\\\/merikoivula.fi\\\/#website\",\"url\":\"https:\\\/\\\/merikoivula.fi\\\/\",\"name\":\"Merikoivula\",\"description\":\"Kalastus- ja lomakyl\u00e4\",\"publisher\":{\"@id\":\"https:\\\/\\\/merikoivula.fi\\\/#organization\"},\"potentialAction\":[{\"@type\":\"SearchAction\",\"target\":{\"@type\":\"EntryPoint\",\"urlTemplate\":\"https:\\\/\\\/merikoivula.fi\\\/?s={search_term_string}\"},\"query-input\":{\"@type\":\"PropertyValueSpecification\",\"valueRequired\":true,\"valueName\":\"search_term_string\"}}],\"inLanguage\":\"et\"},{\"@type\":\"Organization\",\"@id\":\"https:\\\/\\\/merikoivula.fi\\\/#organization\",\"name\":\"Kalastus- ja lomakyl\u00e4 Merikoivula\",\"url\":\"https:\\\/\\\/merikoivula.fi\\\/\",\"logo\":{\"@type\":\"ImageObject\",\"inLanguage\":\"et\",\"@id\":\"https:\\\/\\\/merikoivula.fi\\\/#\\\/schema\\\/logo\\\/image\\\/\",\"url\":\"https:\\\/\\\/merikoivula.fi\\\/wp-content\\\/uploads\\\/2021\\\/08\\\/Logo2.png\",\"contentUrl\":\"https:\\\/\\\/merikoivula.fi\\\/wp-content\\\/uploads\\\/2021\\\/08\\\/Logo2.png\",\"width\":1418,\"height\":627,\"caption\":\"Kalastus- ja lomakyl\u00e4 Merikoivula\"},\"image\":{\"@id\":\"https:\\\/\\\/merikoivula.fi\\\/#\\\/schema\\\/logo\\\/image\\\/\"},\"sameAs\":[\"https:\\\/\\\/www.facebook.com\\\/kalastuskeskus\",\"https:\\\/\\\/www.instagram.com\\\/merikoivulalomakyla\\\/\"]}]}<\/script>\n<!-- \/ Yoast SEO plugin. -->","yoast_head_json":{"title":"M\u00f6kki ja mootorpaat kuuma suvepakkumisena: Merikoivula","description":"M\u00f6kki ja mootorpaat kolmeks \u00f6\u00f6ks 30% soodsamalt! Kehtib v\u00e4ikese pere suvem\u00f6kkile ja Kasse mootorpaadile: Vaata ja broneeri","robots":{"index":"index","follow":"follow","max-snippet":"max-snippet:-1","max-image-preview":"max-image-preview:large","max-video-preview":"max-video-preview:-1"},"canonical":"https:\/\/merikoivula.fi\/et\/suvepakkumine\/","og_locale":"et_EE","og_type":"article","og_title":"M\u00f6kki ja mootorpaat kuuma suvepakkumisena: Merikoivula","og_description":"M\u00f6kki ja vene etukoodilla pikkum\u00f6kki pieneelle perheelle ja Kasse-per\u00e4moottorivene kolmeksi y\u00f6ksi 30% edullisemmin: Varaa verkosta!M\u00f6kki ja mootorpaat kolmeks \u00f6\u00f6ks 30% soodsamalt! Kehtib v\u00e4ikese pere suvem\u00f6kkile ja Kasse mootorpaadile: Vaata ja broneeri","og_url":"https:\/\/merikoivula.fi\/et\/suvepakkumine\/","og_site_name":"Merikoivula","article_publisher":"https:\/\/www.facebook.com\/kalastuskeskus","article_modified_time":"2026-03-08T08:19:27+00:00","og_image":[{"width":2000,"height":2000,"url":"https:\/\/merikoivula.fi\/wp-content\/uploads\/2026\/02\/Suvepakkumine-30_Merikoivula-1-210-x-210-mm.jpg","type":"image\/jpeg"}],"twitter_card":"summary_large_image","twitter_misc":{"Est. reading time":"4 minutit"},"schema":{"@context":"https:\/\/schema.org","@graph":[{"@type":"WebPage","@id":"https:\/\/merikoivula.fi\/et\/suvepakkumine\/","url":"https:\/\/merikoivula.fi\/et\/suvepakkumine\/","name":"M\u00f6kki ja mootorpaat kuuma suvepakkumisena: Merikoivula","isPartOf":{"@id":"https:\/\/merikoivula.fi\/#website"},"datePublished":"2026-01-13T09:09:12+00:00","dateModified":"2026-03-08T08:19:27+00:00","description":"M\u00f6kki ja mootorpaat kolmeks \u00f6\u00f6ks 30% soodsamalt! Kehtib v\u00e4ikese pere suvem\u00f6kkile ja Kasse mootorpaadile: Vaata ja broneeri","breadcrumb":{"@id":"https:\/\/merikoivula.fi\/et\/suvepakkumine\/#breadcrumb"},"inLanguage":"et","potentialAction":[{"@type":"ReadAction","target":["https:\/\/merikoivula.fi\/et\/suvepakkumine\/"]}]},{"@type":"BreadcrumbList","@id":"https:\/\/merikoivula.fi\/et\/suvepakkumine\/#breadcrumb","itemListElement":[{"@type":"ListItem","position":1,"name":"Home","item":"https:\/\/merikoivula.fi\/et\/"},{"@type":"ListItem","position":2,"name":"Suvepakkumine 2026"}]},{"@type":"WebSite","@id":"https:\/\/merikoivula.fi\/#website","url":"https:\/\/merikoivula.fi\/","name":"Merikoivula","description":"Kalastus- ja lomakyl\u00e4","publisher":{"@id":"https:\/\/merikoivula.fi\/#organization"},"potentialAction":[{"@type":"SearchAction","target":{"@type":"EntryPoint","urlTemplate":"https:\/\/merikoivula.fi\/?s={search_term_string}"},"query-input":{"@type":"PropertyValueSpecification","valueRequired":true,"valueName":"search_term_string"}}],"inLanguage":"et"},{"@type":"Organization","@id":"https:\/\/merikoivula.fi\/#organization","name":"Kalastus- ja lomakyl\u00e4 Merikoivula","url":"https:\/\/merikoivula.fi\/","logo":{"@type":"ImageObject","inLanguage":"et","@id":"https:\/\/merikoivula.fi\/#\/schema\/logo\/image\/","url":"https:\/\/merikoivula.fi\/wp-content\/uploads\/2021\/08\/Logo2.png","contentUrl":"https:\/\/merikoivula.fi\/wp-content\/uploads\/2021\/08\/Logo2.png","width":1418,"height":627,"caption":"Kalastus- ja lomakyl\u00e4 Merikoivula"},"image":{"@id":"https:\/\/merikoivula.fi\/#\/schema\/logo\/image\/"},"sameAs":["https:\/\/www.facebook.com\/kalastuskeskus","https:\/\/www.instagram.com\/merikoivulalomakyla\/"]}]}},"_links":{"self":[{"href":"https:\/\/merikoivula.fi\/et\/wp-json\/wp\/v2\/pages\/8968","targetHints":{"allow":["GET"]}}],"collection":[{"href":"https:\/\/merikoivula.fi\/et\/wp-json\/wp\/v2\/pages"}],"about":[{"href":"https:\/\/merikoivula.fi\/et\/wp-json\/wp\/v2\/types\/page"}],"author":[{"embeddable":true,"href":"https:\/\/merikoivula.fi\/et\/wp-json\/wp\/v2\/users\/17"}],"replies":[{"embeddable":true,"href":"https:\/\/merikoivula.fi\/et\/wp-json\/wp\/v2\/comments?post=8968"}],"version-history":[{"count":8,"href":"https:\/\/merikoivula.fi\/et\/wp-json\/wp\/v2\/pages\/8968\/revisions"}],"predecessor-version":[{"id":9215,"href":"https:\/\/merikoivula.fi\/et\/wp-json\/wp\/v2\/pages\/8968\/revisions\/9215"}],"wp:attachment":[{"href":"https:\/\/merikoivula.fi\/et\/wp-json\/wp\/v2\/media?parent=8968"}],"curies":[{"name":"wp","href":"https:\/\/api.w.org\/{rel}","templated":true}]}}