{"id":8969,"date":"2026-01-06T11:14:44","date_gmt":"2026-01-06T09:14:44","guid":{"rendered":"https:\/\/merikoivula.fi\/?page_id=8969"},"modified":"2026-04-10T10:52:22","modified_gmt":"2026-04-10T07:52:22","slug":"%d0%bb%d0%b5%d1%82%d0%bd%d0%b5%d0%b5-%d0%bf%d1%80%d0%b5%d0%b4%d0%bb%d0%be%d0%b6%d0%b5%d0%bd%d0%b8%d0%b5","status":"publish","type":"page","link":"https:\/\/merikoivula.fi\/ru\/%d0%bb%d0%b5%d1%82%d0%bd%d0%b5%d0%b5-%d0%bf%d1%80%d0%b5%d0%b4%d0%bb%d0%be%d0%b6%d0%b5%d0%bd%d0%b8%d0%b5\/","title":{"rendered":"Kes\u00e4tarjous"},"content":{"rendered":"","protected":false},"excerpt":{"rendered":"","protected":false},"author":17,"featured_media":0,"parent":0,"menu_order":0,"comment_status":"closed","ping_status":"closed","template":"","meta":{"_acf_changed":false,"_exactmetrics_skip_tracking":false,"_exactmetrics_sitenote_active":false,"_exactmetrics_sitenote_note":"","_exactmetrics_sitenote_category":0,"footnotes":""},"class_list":["post-8969","page","type-page","status-publish","hentry"],"acf":[],"yoast_head":"<!-- This site is optimized with the Yoast SEO plugin v27.4 - https:\/\/yoast.com\/product\/yoast-seo-wordpress\/ -->\n<title>M\u00f6kki ja vene: Nauti edullisesta saaristolomasta: Merikoivula<\/title>\n<meta name=\"description\" content=\"M\u00f6kki ja vene etukoodilla pikkum\u00f6kki pieneelle perheelle ja Kasse-per\u00e4moottorivene kolmeksi y\u00f6ksi 30% edullisemmin: Varaa verkosta!\" \/>\n<meta name=\"robots\" content=\"index, follow, max-snippet:-1, max-image-preview:large, max-video-preview:-1\" \/>\n<link rel=\"canonical\" href=\"https:\/\/merikoivula.fi\/ru\/\u043b\u0435\u0442\u043d\u0435\u0435-\u043f\u0440\u0435\u0434\u043b\u043e\u0436\u0435\u043d\u0438\u0435\/\" \/>\n<meta property=\"og:locale\" content=\"ru_RU\" \/>\n<meta property=\"og:type\" content=\"article\" \/>\n<meta property=\"og:title\" content=\"Kes\u00e4tarjous! M\u00f6kki ja vene: Nauti edullisesta saaristolomasta MeriKoivulassa!\" \/>\n<meta property=\"og:description\" content=\"Kes\u00f5tarjous .MeriKoivulassa: M\u00f6kki ja vene kolmeksi y\u00f6ksi 30% edullisemmin: Varaa verkosta!\" \/>\n<meta property=\"og:url\" content=\"https:\/\/merikoivula.fi\/ru\/\u043b\u0435\u0442\u043d\u0435\u0435-\u043f\u0440\u0435\u0434\u043b\u043e\u0436\u0435\u043d\u0438\u0435\/\" \/>\n<meta property=\"og:site_name\" content=\"Merikoivula\" \/>\n<meta property=\"article:publisher\" content=\"https:\/\/www.facebook.com\/kalastuskeskus\" \/>\n<meta property=\"article:modified_time\" content=\"2026-04-10T07:52:22+00:00\" \/>\n<meta property=\"og:image\" content=\"https:\/\/merikoivula.fi\/wp-content\/uploads\/2026\/02\/Kesatarjous-mokkiloma-30_Merikoivula-210-x-210-mm.jpg\" \/>\n\t<meta property=\"og:image:width\" content=\"2000\" \/>\n\t<meta property=\"og:image:height\" content=\"2000\" \/>\n\t<meta property=\"og:image:type\" content=\"image\/jpeg\" \/>\n<meta name=\"twitter:card\" content=\"summary_large_image\" \/>\n<meta name=\"twitter:label1\" content=\"\u041f\u0440\u0438\u043c\u0435\u0440\u043d\u043e\u0435 \u0432\u0440\u0435\u043c\u044f \u0434\u043b\u044f \u0447\u0442\u0435\u043d\u0438\u044f\" \/>\n\t<meta name=\"twitter:data1\" content=\"4 \u043c\u0438\u043d\u0443\u0442\u044b\" \/>\n<script type=\"application\/ld+json\" class=\"yoast-schema-graph\">{\"@context\":\"https:\\\/\\\/schema.org\",\"@graph\":[{\"@type\":\"WebPage\",\"@id\":\"https:\\\/\\\/merikoivula.fi\\\/ru\\\/%d0%bb%d0%b5%d1%82%d0%bd%d0%b5%d0%b5-%d0%bf%d1%80%d0%b5%d0%b4%d0%bb%d0%be%d0%b6%d0%b5%d0%bd%d0%b8%d0%b5\\\/\",\"url\":\"https:\\\/\\\/merikoivula.fi\\\/ru\\\/%d0%bb%d0%b5%d1%82%d0%bd%d0%b5%d0%b5-%d0%bf%d1%80%d0%b5%d0%b4%d0%bb%d0%be%d0%b6%d0%b5%d0%bd%d0%b8%d0%b5\\\/\",\"name\":\"M\u00f6kki ja vene: Nauti edullisesta saaristolomasta: Merikoivula\",\"isPartOf\":{\"@id\":\"https:\\\/\\\/merikoivula.fi\\\/#website\"},\"datePublished\":\"2026-01-06T09:14:44+00:00\",\"dateModified\":\"2026-04-10T07:52:22+00:00\",\"description\":\"M\u00f6kki ja vene etukoodilla pikkum\u00f6kki pieneelle perheelle ja Kasse-per\u00e4moottorivene kolmeksi y\u00f6ksi 30% edullisemmin: Varaa verkosta!\",\"breadcrumb\":{\"@id\":\"https:\\\/\\\/merikoivula.fi\\\/ru\\\/%d0%bb%d0%b5%d1%82%d0%bd%d0%b5%d0%b5-%d0%bf%d1%80%d0%b5%d0%b4%d0%bb%d0%be%d0%b6%d0%b5%d0%bd%d0%b8%d0%b5\\\/#breadcrumb\"},\"inLanguage\":\"ru-RU\",\"potentialAction\":[{\"@type\":\"ReadAction\",\"target\":[\"https:\\\/\\\/merikoivula.fi\\\/ru\\\/%d0%bb%d0%b5%d1%82%d0%bd%d0%b5%d0%b5-%d0%bf%d1%80%d0%b5%d0%b4%d0%bb%d0%be%d0%b6%d0%b5%d0%bd%d0%b8%d0%b5\\\/\"]}]},{\"@type\":\"BreadcrumbList\",\"@id\":\"https:\\\/\\\/merikoivula.fi\\\/ru\\\/%d0%bb%d0%b5%d1%82%d0%bd%d0%b5%d0%b5-%d0%bf%d1%80%d0%b5%d0%b4%d0%bb%d0%be%d0%b6%d0%b5%d0%bd%d0%b8%d0%b5\\\/#breadcrumb\",\"itemListElement\":[{\"@type\":\"ListItem\",\"position\":1,\"name\":\"Home\",\"item\":\"https:\\\/\\\/merikoivula.fi\\\/ru\\\/\"},{\"@type\":\"ListItem\",\"position\":2,\"name\":\"Kes\u00e4tarjous\"}]},{\"@type\":\"WebSite\",\"@id\":\"https:\\\/\\\/merikoivula.fi\\\/#website\",\"url\":\"https:\\\/\\\/merikoivula.fi\\\/\",\"name\":\"Merikoivula\",\"description\":\"Fishing- and Holiday Village\",\"publisher\":{\"@id\":\"https:\\\/\\\/merikoivula.fi\\\/#organization\"},\"potentialAction\":[{\"@type\":\"SearchAction\",\"target\":{\"@type\":\"EntryPoint\",\"urlTemplate\":\"https:\\\/\\\/merikoivula.fi\\\/?s={search_term_string}\"},\"query-input\":{\"@type\":\"PropertyValueSpecification\",\"valueRequired\":true,\"valueName\":\"search_term_string\"}}],\"inLanguage\":\"ru-RU\"},{\"@type\":\"Organization\",\"@id\":\"https:\\\/\\\/merikoivula.fi\\\/#organization\",\"name\":\"Kalastus- ja lomakyl\u00e4 Merikoivula\",\"url\":\"https:\\\/\\\/merikoivula.fi\\\/\",\"logo\":{\"@type\":\"ImageObject\",\"inLanguage\":\"ru-RU\",\"@id\":\"https:\\\/\\\/merikoivula.fi\\\/#\\\/schema\\\/logo\\\/image\\\/\",\"url\":\"https:\\\/\\\/merikoivula.fi\\\/wp-content\\\/uploads\\\/2021\\\/08\\\/Logo2.png\",\"contentUrl\":\"https:\\\/\\\/merikoivula.fi\\\/wp-content\\\/uploads\\\/2021\\\/08\\\/Logo2.png\",\"width\":1418,\"height\":627,\"caption\":\"Kalastus- ja lomakyl\u00e4 Merikoivula\"},\"image\":{\"@id\":\"https:\\\/\\\/merikoivula.fi\\\/#\\\/schema\\\/logo\\\/image\\\/\"},\"sameAs\":[\"https:\\\/\\\/www.facebook.com\\\/kalastuskeskus\",\"https:\\\/\\\/www.instagram.com\\\/merikoivulalomakyla\\\/\"]}]}<\/script>\n<!-- \/ Yoast SEO plugin. -->","yoast_head_json":{"title":"M\u00f6kki ja vene: Nauti edullisesta saaristolomasta: Merikoivula","description":"M\u00f6kki ja vene etukoodilla pikkum\u00f6kki pieneelle perheelle ja Kasse-per\u00e4moottorivene kolmeksi y\u00f6ksi 30% edullisemmin: Varaa verkosta!","robots":{"index":"index","follow":"follow","max-snippet":"max-snippet:-1","max-image-preview":"max-image-preview:large","max-video-preview":"max-video-preview:-1"},"canonical":"https:\/\/merikoivula.fi\/ru\/\u043b\u0435\u0442\u043d\u0435\u0435-\u043f\u0440\u0435\u0434\u043b\u043e\u0436\u0435\u043d\u0438\u0435\/","og_locale":"ru_RU","og_type":"article","og_title":"Kes\u00e4tarjous! M\u00f6kki ja vene: Nauti edullisesta saaristolomasta MeriKoivulassa!","og_description":"Kes\u00f5tarjous .MeriKoivulassa: M\u00f6kki ja vene kolmeksi y\u00f6ksi 30% edullisemmin: Varaa verkosta!","og_url":"https:\/\/merikoivula.fi\/ru\/\u043b\u0435\u0442\u043d\u0435\u0435-\u043f\u0440\u0435\u0434\u043b\u043e\u0436\u0435\u043d\u0438\u0435\/","og_site_name":"Merikoivula","article_publisher":"https:\/\/www.facebook.com\/kalastuskeskus","article_modified_time":"2026-04-10T07:52:22+00:00","og_image":[{"width":2000,"height":2000,"url":"https:\/\/merikoivula.fi\/wp-content\/uploads\/2026\/02\/Kesatarjous-mokkiloma-30_Merikoivula-210-x-210-mm.jpg","type":"image\/jpeg"}],"twitter_card":"summary_large_image","twitter_misc":{"\u041f\u0440\u0438\u043c\u0435\u0440\u043d\u043e\u0435 \u0432\u0440\u0435\u043c\u044f \u0434\u043b\u044f \u0447\u0442\u0435\u043d\u0438\u044f":"4 \u043c\u0438\u043d\u0443\u0442\u044b"},"schema":{"@context":"https:\/\/schema.org","@graph":[{"@type":"WebPage","@id":"https:\/\/merikoivula.fi\/ru\/%d0%bb%d0%b5%d1%82%d0%bd%d0%b5%d0%b5-%d0%bf%d1%80%d0%b5%d0%b4%d0%bb%d0%be%d0%b6%d0%b5%d0%bd%d0%b8%d0%b5\/","url":"https:\/\/merikoivula.fi\/ru\/%d0%bb%d0%b5%d1%82%d0%bd%d0%b5%d0%b5-%d0%bf%d1%80%d0%b5%d0%b4%d0%bb%d0%be%d0%b6%d0%b5%d0%bd%d0%b8%d0%b5\/","name":"M\u00f6kki ja vene: Nauti edullisesta saaristolomasta: Merikoivula","isPartOf":{"@id":"https:\/\/merikoivula.fi\/#website"},"datePublished":"2026-01-06T09:14:44+00:00","dateModified":"2026-04-10T07:52:22+00:00","description":"M\u00f6kki ja vene etukoodilla pikkum\u00f6kki pieneelle perheelle ja Kasse-per\u00e4moottorivene kolmeksi y\u00f6ksi 30% edullisemmin: Varaa verkosta!","breadcrumb":{"@id":"https:\/\/merikoivula.fi\/ru\/%d0%bb%d0%b5%d1%82%d0%bd%d0%b5%d0%b5-%d0%bf%d1%80%d0%b5%d0%b4%d0%bb%d0%be%d0%b6%d0%b5%d0%bd%d0%b8%d0%b5\/#breadcrumb"},"inLanguage":"ru-RU","potentialAction":[{"@type":"ReadAction","target":["https:\/\/merikoivula.fi\/ru\/%d0%bb%d0%b5%d1%82%d0%bd%d0%b5%d0%b5-%d0%bf%d1%80%d0%b5%d0%b4%d0%bb%d0%be%d0%b6%d0%b5%d0%bd%d0%b8%d0%b5\/"]}]},{"@type":"BreadcrumbList","@id":"https:\/\/merikoivula.fi\/ru\/%d0%bb%d0%b5%d1%82%d0%bd%d0%b5%d0%b5-%d0%bf%d1%80%d0%b5%d0%b4%d0%bb%d0%be%d0%b6%d0%b5%d0%bd%d0%b8%d0%b5\/#breadcrumb","itemListElement":[{"@type":"ListItem","position":1,"name":"Home","item":"https:\/\/merikoivula.fi\/ru\/"},{"@type":"ListItem","position":2,"name":"Kes\u00e4tarjous"}]},{"@type":"WebSite","@id":"https:\/\/merikoivula.fi\/#website","url":"https:\/\/merikoivula.fi\/","name":"Merikoivula","description":"Fishing- and Holiday Village","publisher":{"@id":"https:\/\/merikoivula.fi\/#organization"},"potentialAction":[{"@type":"SearchAction","target":{"@type":"EntryPoint","urlTemplate":"https:\/\/merikoivula.fi\/?s={search_term_string}"},"query-input":{"@type":"PropertyValueSpecification","valueRequired":true,"valueName":"search_term_string"}}],"inLanguage":"ru-RU"},{"@type":"Organization","@id":"https:\/\/merikoivula.fi\/#organization","name":"Kalastus- ja lomakyl\u00e4 Merikoivula","url":"https:\/\/merikoivula.fi\/","logo":{"@type":"ImageObject","inLanguage":"ru-RU","@id":"https:\/\/merikoivula.fi\/#\/schema\/logo\/image\/","url":"https:\/\/merikoivula.fi\/wp-content\/uploads\/2021\/08\/Logo2.png","contentUrl":"https:\/\/merikoivula.fi\/wp-content\/uploads\/2021\/08\/Logo2.png","width":1418,"height":627,"caption":"Kalastus- ja lomakyl\u00e4 Merikoivula"},"image":{"@id":"https:\/\/merikoivula.fi\/#\/schema\/logo\/image\/"},"sameAs":["https:\/\/www.facebook.com\/kalastuskeskus","https:\/\/www.instagram.com\/merikoivulalomakyla\/"]}]}},"_links":{"self":[{"href":"https:\/\/merikoivula.fi\/ru\/wp-json\/wp\/v2\/pages\/8969","targetHints":{"allow":["GET"]}}],"collection":[{"href":"https:\/\/merikoivula.fi\/ru\/wp-json\/wp\/v2\/pages"}],"about":[{"href":"https:\/\/merikoivula.fi\/ru\/wp-json\/wp\/v2\/types\/page"}],"author":[{"embeddable":true,"href":"https:\/\/merikoivula.fi\/ru\/wp-json\/wp\/v2\/users\/17"}],"replies":[{"embeddable":true,"href":"https:\/\/merikoivula.fi\/ru\/wp-json\/wp\/v2\/comments?post=8969"}],"version-history":[{"count":7,"href":"https:\/\/merikoivula.fi\/ru\/wp-json\/wp\/v2\/pages\/8969\/revisions"}],"predecessor-version":[{"id":9347,"href":"https:\/\/merikoivula.fi\/ru\/wp-json\/wp\/v2\/pages\/8969\/revisions\/9347"}],"wp:attachment":[{"href":"https:\/\/merikoivula.fi\/ru\/wp-json\/wp\/v2\/media?parent=8969"}],"curies":[{"name":"wp","href":"https:\/\/api.w.org\/{rel}","templated":true}]}}